{"id":2283,"date":"2022-10-11T10:53:21","date_gmt":"2022-10-11T10:53:21","guid":{"rendered":"https:\/\/hi-fi-spot.pt\/?post_type=product&#038;p=2283"},"modified":"2024-10-23T17:12:43","modified_gmt":"2024-10-23T17:12:43","slug":"pathos-classic-one-mkiii","status":"publish","type":"product","link":"https:\/\/hi-fi-spot.pt\/en\/produto\/pathos-classic-one-mkiii\/","title":{"rendered":"Pathos &#8211; Classic One MKIII"},"content":{"rendered":"<p style=\"text-align: left;\"><strong>Classic One MKIII<\/strong><\/p>\n<p style=\"text-align: left;\">Depois de ter conquistado a comunidade audi\u00f3fila internacional com amplificadores de refer\u00eancia de \u00faltima gera\u00e7\u00e3o, conceber um produto com um pre\u00e7o definido como principal limite de design foi um verdadeiro desafio para a Pathos.<br \/>\nO projeto Classic One foi iniciado para transferir, para um amplificador mais acess\u00edvel, todo o know-how e experi\u00eancia adquiridos no desenvolvimento de produtos de refer\u00eancia.<br \/>\nO Classic One representa um novo padr\u00e3o na sua categoria de pre\u00e7o: o seu sucesso combina totalmente num \u00fanico chassis um pr\u00e9-amplificador e um amplificador de pot\u00eancia, completamente separados um do outro e fornecidos com as suas pr\u00f3prias fontes de alimenta\u00e7\u00e3o individuais.<br \/>\nO pr\u00e9-est\u00e1gio &#8211; ou melhor, o pr\u00e9-amplificador &#8211; \u00e9 puramente valvulado, equilibrado, de classe A pura, com ru\u00eddo extremamente baixo, com elevada linearidade intr\u00ednseca e sem qualquer feedback. Proporciona um som requintado de v\u00e1lvula em termos de transpar\u00eancia, ar, harm\u00f3nicos e refinamento&#8230; numa palavra, musicalidade.<\/p>\n<div class=\"et_pb_module et_pb_text et_pb_text_2 et_pb_text_align_left et_pb_bg_layout_light\">\n<div class=\"et_pb_text_inner\">\n<div class=\"et_pb_module et_pb_text et_pb_text_4 et_pb_text_align_left et_pb_bg_layout_light\">\n<div class=\"et_pb_text_inner\">\n<p style=\"text-align: left;\"><strong>Inova\u00e7\u00f5es sobre o novo Classic One MKIII<\/strong><br \/>\nUtiliz\u00e1mos um amplificador operacional de alta qualidade para acionar o amplificador de pot\u00eancia mosfet. Trata-se de um amplificador operacional com ru\u00eddo ultra baixo, linearidade elevada e distor\u00e7\u00e3o muito baixa. Mais defini\u00e7\u00e3o no som e mais clareza. Ir\u00e1 apreciar imediatamente o seu som superior.<\/p>\n<p style=\"text-align: left;\">Utiliz\u00e1mos um novo controlo de volume com Burr-Brown que \u00e9 mais linear e pode aceitar at\u00e9 +\/-12V de sinal de \u00e1udio. Desta forma, evitamos a satura\u00e7\u00e3o da entrada quando o leitor de CD tem uma sa\u00edda de alta tens\u00e3o (5V). Existe tamb\u00e9m uma nova fonte de alimenta\u00e7\u00e3o.<\/p>\n<p style=\"text-align: left;\">Adicion\u00e1mos uma fase eletr\u00f3nica espec\u00edfica para proteger os amplificadores de pot\u00eancia contra curto-circuitos nos conectores dos altifalantes. Esta rede espec\u00edfica \u00e9 um est\u00e1gio de alta imped\u00e2ncia que sente a corrente e salva o est\u00e1gio de sa\u00edda quando ocorre um curto-circuito.<\/p>\n<p style=\"text-align: left;\">Utiliz\u00e1mos novos conectores de altifalante de alta qualidade que est\u00e3o completamente protegidos com um pl\u00e1stico transparente, de modo a evitar curto-circuitos.<\/p>\n<p style=\"text-align: left;\">Utiliz\u00e1mos uma nova cobertura de a\u00e7o inoxid\u00e1vel para o transformador de pot\u00eancia.<\/p>\n<p style=\"text-align: left;\">Novo transformador de pot\u00eancia que pode trabalhar at\u00e9 130Vac, por isso \u00e9 menos sens\u00edvel \u00e0s diferentes tens\u00f5es no territ\u00f3rio dos EUA. Tamb\u00e9m fornecemos um conjunto adicional de fus\u00edveis de reserva. Utilizamos bot\u00f5es cromados e madeira paduk vermelha para o painel frontal.<\/p>\n<table class=\"table table-hover\">\n<tbody>\n<tr>\n<td style=\"text-align: left;\">Type<\/td>\n<td style=\"text-align: left;\">Integrated amplifier in Class A\/AB, hybrid circuit with input tube stage, bridgeable<\/td>\n<\/tr>\n<tr>\n<td style=\"text-align: left;\">Output Power<\/td>\n<td style=\"text-align: left;\">2 x 70W @ 8 Ohm, 2 x 135W @ 4 Ohm, 180W in bridged mode (mono)<\/td>\n<\/tr>\n<tr>\n<td style=\"text-align: left;\">Inputs<\/td>\n<td style=\"text-align: left;\">1 balanced XLR<\/td>\n<\/tr>\n<tr>\n<td><\/td>\n<td style=\"text-align: left;\">4 unbalanced RCA<\/td>\n<\/tr>\n<tr>\n<td style=\"text-align: left;\">Frequency response<\/td>\n<td style=\"text-align: left;\">2Hz \u00c3\u00b7 100kHz<\/td>\n<\/tr>\n<tr>\n<td style=\"text-align: left;\">THD<\/td>\n<td style=\"text-align: left;\">&lt;0.05%<\/td>\n<\/tr>\n<tr>\n<td style=\"text-align: left;\">Signal\/noise ratio<\/td>\n<td style=\"text-align: left;\">90dB<\/td>\n<\/tr>\n<tr>\n<td style=\"text-align: left;\">Input impedance<\/td>\n<td style=\"text-align: left;\">100kOhm<\/td>\n<\/tr>\n<tr>\n<td style=\"text-align: left;\"><b>Dimensions<\/b><\/td>\n<td style=\"text-align: left;\">230mm (D) X 500 (W) X 140mm (H)<\/td>\n<\/tr>\n<tr>\n<td style=\"text-align: left;\">Net Weight:<\/td>\n<td style=\"text-align: left;\">13Kg<\/td>\n<\/tr>\n<\/tbody>\n<\/table>\n<p>&nbsp;<\/p>\n<\/div>\n<\/div>\n<\/div>\n<\/div>\n<div class=\"ast-oembed-container\"><iframe title=\"Pathos Acoustics Classic One MKIII Hybrid Integrated Amp Review w\/ Upscale Audio&#039;s Kevin Deal\" width=\"500\" height=\"281\" src=\"https:\/\/www.youtube.com\/embed\/SB89nlb1GfU?feature=oembed\" frameborder=\"0\" allow=\"accelerometer; autoplay; clipboard-write; encrypted-media; gyroscope; picture-in-picture; web-share\" referrerpolicy=\"strict-origin-when-cross-origin\" allowfullscreen><\/iframe><\/div>\n<p>&nbsp;<\/p>\n<p>&nbsp;<\/p>\n<p><img fetchpriority=\"high\" decoding=\"async\" class=\"size-medium wp-image-2284 alignleft\" src=\"https:\/\/hi-fi-spot.pt\/wp-content\/uploads\/2022\/10\/Sem-titulo-300x276.jpg\" alt=\"\" width=\"300\" height=\"276\" srcset=\"https:\/\/hi-fi-spot.pt\/wp-content\/uploads\/2022\/10\/Sem-titulo-300x276.jpg 300w, https:\/\/hi-fi-spot.pt\/wp-content\/uploads\/2022\/10\/Sem-titulo-600x551.jpg 600w, https:\/\/hi-fi-spot.pt\/wp-content\/uploads\/2022\/10\/Sem-titulo.jpg 676w\" sizes=\"(max-width: 300px) 100vw, 300px\" \/><\/p>\n","protected":false},"excerpt":{"rendered":"<p>Classic One MKIII Depois de ter conquistado a comunidade audi\u00f3fila internacional com amplificadores de refer\u00eancia de \u00faltima gera\u00e7\u00e3o, conceber um produto com um pre\u00e7o definido como principal limite de design foi um verdadeiro desafio para a Pathos. O projeto Classic One foi iniciado para transferir, para um amplificador mais acess\u00edvel, todo o know-how e experi\u00eancia &hellip;<\/p>\n<p class=\"read-more\"> <a class=\"\" href=\"https:\/\/hi-fi-spot.pt\/en\/produto\/pathos-classic-one-mkiii\/\"> <span class=\"screen-reader-text\">Pathos &#8211; Classic One MKIII<\/span> Read More &raquo;<\/a><\/p>\n","protected":false},"featured_media":2281,"template":"","meta":{"site-sidebar-layout":"default","site-content-layout":"default","ast-main-header-display":"","ast-hfb-above-header-display":"","ast-hfb-below-header-display":"","ast-hfb-mobile-header-display":"","site-post-title":"","ast-breadcrumbs-content":"","ast-featured-img":"","footer-sml-layout":"","theme-transparent-header-meta":"default","adv-header-id-meta":"","stick-header-meta":"","header-above-stick-meta":"","header-main-stick-meta":"","header-below-stick-meta":""},"pwb-brand":[25,143],"product_cat":[26,36,63],"product_tag":[171],"class_list":{"0":"post-2283","1":"product","2":"type-product","3":"status-publish","4":"has-post-thumbnail","6":"pwb-brand-outros","7":"pwb-brand-pathos","8":"product_cat-amplificadores","9":"product_cat-integrados","10":"product_cat-produtosaudio","11":"product_tag-pathos","12":"align-center","13":"box-shadow-0","14":"box-shadow-0-hover","15":"ast-product-gallery-layout-horizontal","16":"ast-product-tabs-layout-horizontal","18":"first","19":"instock","20":"shipping-taxable","21":"purchasable","22":"product-type-simple"},"brands":[{"id":25,"name":"Outros","slug":"outros"},{"id":143,"name":"Pathos","slug":"pathos"}],"_links":{"self":[{"href":"https:\/\/hi-fi-spot.pt\/en\/wp-json\/wp\/v2\/product\/2283","targetHints":{"allow":["GET"]}}],"collection":[{"href":"https:\/\/hi-fi-spot.pt\/en\/wp-json\/wp\/v2\/product"}],"about":[{"href":"https:\/\/hi-fi-spot.pt\/en\/wp-json\/wp\/v2\/types\/product"}],"wp:featuredmedia":[{"embeddable":true,"href":"https:\/\/hi-fi-spot.pt\/en\/wp-json\/wp\/v2\/media\/2281"}],"wp:attachment":[{"href":"https:\/\/hi-fi-spot.pt\/en\/wp-json\/wp\/v2\/media?parent=2283"}],"wp:term":[{"taxonomy":"pwb-brand","embeddable":true,"href":"https:\/\/hi-fi-spot.pt\/en\/wp-json\/wp\/v2\/pwb-brand?post=2283"},{"taxonomy":"product_cat","embeddable":true,"href":"https:\/\/hi-fi-spot.pt\/en\/wp-json\/wp\/v2\/product_cat?post=2283"},{"taxonomy":"product_tag","embeddable":true,"href":"https:\/\/hi-fi-spot.pt\/en\/wp-json\/wp\/v2\/product_tag?post=2283"}],"curies":[{"name":"wp","href":"https:\/\/api.w.org\/{rel}","templated":true}]}}