{"id":2779,"date":"2023-08-10T16:54:00","date_gmt":"2023-08-10T16:54:00","guid":{"rendered":"https:\/\/hi-fi-spot.pt\/?post_type=product&#038;p=2779"},"modified":"2025-12-03T22:10:31","modified_gmt":"2025-12-03T22:10:31","slug":"synthesis-roma-96dc","status":"publish","type":"product","link":"https:\/\/hi-fi-spot.pt\/en\/produto\/synthesis-roma-96dc\/","title":{"rendered":"Synthesis &#8211; Roma 96DC+"},"content":{"rendered":"<h2>Amplificador integrado de classe A de 25 W.<\/h2>\n<p>Constru\u00eddo para o mundo com um esp\u00edrito Made in Italy. Formas, materiais, acabamentos, tecnologias, tudo unido por um pensamento constante: design e som que enriquecem a vossa qualidade de vida.<\/p>\n<p>O som \u00e9 completo, arejado, din\u00e2mico, vivo e incrivelmente musical. A pureza das vozes humanas e a precis\u00e3o dos instrumentos s\u00e3o de cortar a respira\u00e7\u00e3o. A resolu\u00e7\u00e3o, a transpar\u00eancia e o som detalhado est\u00e3o acima e para al\u00e9m do que seria de esperar de um amplificador. O Roma 96DC+ tem USB tipo &#8220;B&#8221;, DSD 5,6MHz, entrada \u00f3tica e S\/PDif. A resolu\u00e7\u00e3o de 32 bits proporciona-lhe um palco sonoro fant\u00e1stico e uma reprodu\u00e7\u00e3o de som de grande qualidade. O Phono Stage combina uma qualidade de som excecional com caracter\u00edsticas \u00fanicas.<\/p>\n<p>Caracter\u00edsticas :<\/p>\n<div class=\"col-md-6 text-left\">\n<p class=\"p-bold\"><span class=\"text-bold\">POWER STAGE (1 CH.) : <\/span><span class=\"text-spec\">2 X EL34\/6CA7<\/span><\/p>\n<p class=\"p-bold\"><span class=\"text-bold\">INPUT STAGE (1 CH.) : <\/span><span class=\"text-spec\">1 X OPAMP JRC4580<\/span><\/p>\n<p class=\"p-bold\"><span class=\"text-bold\">DRIVER STAGE (1 CH.) : <\/span><span class=\"text-spec\">1 X ECC82\/12AU7<\/span><\/p>\n<p class=\"p-bold\"><span class=\"text-bold\">INPUT IMPEDANCE : <\/span><span class=\"text-spec\">50KOhm<\/span><\/p>\n<p class=\"p-bold\"><span class=\"text-bold\">INPUT SENSITIVITY : <\/span><span class=\"text-spec\">350 mV for rated power<\/span><\/p>\n<p class=\"p-bold\"><span class=\"text-bold\">OUTPUT TAP : <\/span><span class=\"text-spec\">6 Ohm<\/span><\/p>\n<p class=\"p-bold\"><span class=\"text-bold\">CONFIGURATION : <\/span><span class=\"text-spec\">Push-Pull pentode<\/span><\/p>\n<p class=\"p-bold\"><span class=\"text-bold\">POWER OUTPUT : <\/span><span class=\"text-spec\">25W RMS @ 6Ohm (1 ch., THD &lt; 1%)<\/span><\/p>\n<p class=\"p-bold\"><span class=\"text-bold\">FREQUENCY RESPONSE : <\/span><span class=\"text-spec\">from 20Hz to 20KHz +-0.5dB<\/span><\/p>\n<p class=\"p-bold\"><span class=\"text-bold\">DISTORSION : <\/span><span class=\"text-spec\">1% @ 1KHz (MAX Power)<\/span><\/p>\n<p class=\"p-bold\"><span class=\"text-bold\">S\/N RATIO <\/span><span class=\"text-spec\">&gt;90dB \u201cA\u201d weighted<\/span><\/p>\n<p class=\"p-bold\"><span class=\"text-bold\">INPUTS : <\/span><\/p>\n<p class=\"p-bold\"><span class=\"text-spec\">3 line (Roma 96DC) <\/span><\/p>\n<p class=\"p-bold\"><span class=\"text-spec\">2 line (Roma 96DC+) 1 phono MM<\/span><\/p>\n<\/div>\n<div class=\"col-md-6 text-left\">\n<p class=\"p-bold\"><span class=\"text-bold\">DIGITAL INPUTS (96DC+) : <\/span><\/p>\n<p class=\"p-bold\"><span class=\"text-spec\">1 USB \u201cB\u201d type Windows\/Mac\/iOs\/Android<br \/>\n1 Toslink Optical<br \/>\n1 Coax S\/PDIF<\/span><\/p>\n<p class=\"p-bold\"><span class=\"text-bold\">D\/A CONVERTER : <\/span><span class=\"text-spec\">AK4495SEQ 32bit 768KHz<\/span><\/p>\n<p class=\"p-bold\"><span class=\"text-bold\">MAX RESOLUTION (96DC+)<\/span><\/p>\n<p class=\"p-spec\"><span class=\"text-spec\">24 bit 192KHz (OPTCoax)<br \/>\n32 bit 384KHz (USB)<br \/>\nDSD up to 5,6MHz (USB)<\/span><\/p>\n<p class=\"p-bold\"><span class=\"text-bold\">PC REQUIREMENTS(96DC+) : <\/span><span class=\"text-spec\">1GHz processor,512MB RAM, USB 2.0 port<\/span><\/p>\n<p class=\"p-bold\"><span class=\"text-bold\">DIMENSIONS (W,D,H) : <\/span><span class=\"text-spec\">260x415x200mm<\/span><\/p>\n<p class=\"p-bold\"><span class=\"text-bold\">WEIGHT : <\/span><span class=\"text-spec\">18Kg<\/span><\/p>\n<p class=\"p-bold\"><span class=\"text-bold\">LINE POWER : <\/span><span class=\"text-spec\">117 \/ 230 \/ 245 Vac, 50\/60 Hz (see rear label)<\/span><\/p>\n<p class=\"p-bold\"><span class=\"text-bold\">FUSE : <\/span><span class=\"text-spec\">See rear label<\/span><\/p>\n<p class=\"p-bold\"><span class=\"text-bold\">POWER CONSUMPTION : <\/span><span class=\"text-spec\">200W max<\/span><\/p>\n<\/div>\n<p>&nbsp;<\/p>\n<div class=\"col-md-12 text-left\">\n<p class=\"p-spt\"><span class=\"text-sptitle\">REMOTE CONTROL<\/span><\/p>\n<\/div>\n<div class=\"col-md-6 text-left\">\n<p class=\"p-bold\"><span class=\"text-bold\">BODY : <\/span><span class=\"text-spec\">Anodized black aluminium<\/span><\/p>\n<p class=\"p-bold\"><span class=\"text-bold\">TRANSMISSION TYPE : <\/span><span class=\"text-spec\">Infrared<\/span><\/p>\n<p class=\"p-bold\"><span class=\"text-bold\">PROTOCOL : <\/span><span class=\"text-spec\">RC5<\/span><\/p>\n<\/div>\n<div class=\"col-md-6 text-left\">\n<p class=\"p-bold\"><span class=\"text-bold\">FUNCTIONS : <\/span><span class=\"text-spec\">Volume, mute, input selection, st-by<\/span><\/p>\n<p class=\"p-bold\"><span class=\"text-bold\">BATTERIES : <\/span><span class=\"text-spec\">2 x CR2032<\/span><\/p>\n<p class=\"p-bold\"><span class=\"text-bold\">WEIGHT :<\/span><span class=\"text-spec\">200g<\/span><\/p>\n<\/div>\n","protected":false},"excerpt":{"rendered":"<p>Amplificador integrado de classe A de 25 W. Constru\u00eddo para o mundo com um esp\u00edrito Made in Italy. Formas, materiais, acabamentos, tecnologias, tudo unido por um pensamento constante: design e som que enriquecem a vossa qualidade de vida. O som \u00e9 completo, arejado, din\u00e2mico, vivo e incrivelmente musical. A pureza das vozes humanas e a &hellip;<\/p>\n<p class=\"read-more\"> <a class=\"\" href=\"https:\/\/hi-fi-spot.pt\/en\/produto\/synthesis-roma-96dc\/\"> <span class=\"screen-reader-text\">Synthesis &#8211; Roma 96DC+<\/span> Read More &raquo;<\/a><\/p>\n","protected":false},"featured_media":2784,"template":"","meta":{"site-sidebar-layout":"default","site-content-layout":"default","ast-main-header-display":"","ast-hfb-above-header-display":"","ast-hfb-below-header-display":"","ast-hfb-mobile-header-display":"","site-post-title":"","ast-breadcrumbs-content":"","ast-featured-img":"","footer-sml-layout":"","theme-transparent-header-meta":"default","adv-header-id-meta":"","stick-header-meta":"","header-above-stick-meta":"","header-main-stick-meta":"","header-below-stick-meta":""},"pwb-brand":[25,149],"product_cat":[26,36,63],"product_tag":[173],"class_list":{"0":"post-2779","1":"product","2":"type-product","3":"status-publish","4":"has-post-thumbnail","6":"pwb-brand-outros","7":"pwb-brand-synthesis","8":"product_cat-amplificadores","9":"product_cat-integrados","10":"product_cat-produtosaudio","11":"product_tag-synthesis","12":"align-center","13":"box-shadow-0","14":"box-shadow-0-hover","15":"ast-product-gallery-layout-horizontal","16":"ast-product-tabs-layout-horizontal","18":"first","19":"instock","20":"shipping-taxable","21":"purchasable","22":"product-type-simple"},"brands":[{"id":25,"name":"Outros","slug":"outros"},{"id":149,"name":"Synthesis","slug":"synthesis"}],"_links":{"self":[{"href":"https:\/\/hi-fi-spot.pt\/en\/wp-json\/wp\/v2\/product\/2779","targetHints":{"allow":["GET"]}}],"collection":[{"href":"https:\/\/hi-fi-spot.pt\/en\/wp-json\/wp\/v2\/product"}],"about":[{"href":"https:\/\/hi-fi-spot.pt\/en\/wp-json\/wp\/v2\/types\/product"}],"wp:featuredmedia":[{"embeddable":true,"href":"https:\/\/hi-fi-spot.pt\/en\/wp-json\/wp\/v2\/media\/2784"}],"wp:attachment":[{"href":"https:\/\/hi-fi-spot.pt\/en\/wp-json\/wp\/v2\/media?parent=2779"}],"wp:term":[{"taxonomy":"pwb-brand","embeddable":true,"href":"https:\/\/hi-fi-spot.pt\/en\/wp-json\/wp\/v2\/pwb-brand?post=2779"},{"taxonomy":"product_cat","embeddable":true,"href":"https:\/\/hi-fi-spot.pt\/en\/wp-json\/wp\/v2\/product_cat?post=2779"},{"taxonomy":"product_tag","embeddable":true,"href":"https:\/\/hi-fi-spot.pt\/en\/wp-json\/wp\/v2\/product_tag?post=2779"}],"curies":[{"name":"wp","href":"https:\/\/api.w.org\/{rel}","templated":true}]}}