{"id":2825,"date":"2023-11-24T10:02:18","date_gmt":"2023-11-24T10:02:18","guid":{"rendered":"https:\/\/hi-fi-spot.pt\/?post_type=product&#038;p=2825"},"modified":"2025-01-09T15:53:29","modified_gmt":"2025-01-09T15:53:29","slug":"audio-technica-at-lpw40wn","status":"publish","type":"product","link":"https:\/\/hi-fi-spot.pt\/en\/produto\/audio-technica-at-lpw40wn\/","title":{"rendered":"AUDIO TECHNICA AT-LPW40WN"},"content":{"rendered":"<div class=\"product-hero__intro-text\" style=\"text-align: left;\"><span style=\"font-size: 16px;\">AT-LPW40WN \u00e9 um gira-discos totalmente manual, com transmiss\u00e3o por correia, concebido para proporcionar uma reprodu\u00e7\u00e3o \u00e1udio de alta fidelidade \u00f3ptima do vinil. Possui um plinto de MDF (placa de fibra de m\u00e9dia densidade) antirresson\u00e2ncia esteticamente agrad\u00e1vel com folheado de madeira de nogueira simulada para limitar o feedback ac\u00fastico de baixa freq\u00fc\u00eancia e um motor monitorado por sensor para garantir velocidades precisas de rota\u00e7\u00e3o do prato a 33-1\/3 e 45 RPM.<\/span><\/div>\n<div class=\"product-hero__expanded-text\">\n<p style=\"text-align: left;\">O toca-discos inclui um bra\u00e7o reto de fibra de carbono com for\u00e7a de rastreamento ajust\u00e1vel e um cabe\u00e7ote universal AT-HS4 de montagem em \u00bd&#8221; com uma c\u00e1psula fonogr\u00e1fica AT-VM95E Dual Moving Magnet. A Audio-Technica \u00e9 l\u00edder no projeto de c\u00e1psulas fonogr\u00e1ficas h\u00e1 mais de 50 anos, e essa experi\u00eancia \u00e9 demonstrada na vers\u00e1til c\u00e1psula AT-VM95E de alto desempenho, que vem com uma agulha el\u00edptica de 0,3 x 0,7 mil, mas tamb\u00e9m \u00e9 compat\u00edvel com qualquer agulha de reposi\u00e7\u00e3o da s\u00e9rie VM95, oferecendo uma ampla variedade de op\u00e7\u00f5es para todos os or\u00e7amentos e aplica\u00e7\u00f5es.<\/p>\n<p style=\"text-align: left;\">O AT-LPW40WN est\u00e1 equipado com um pr\u00e9-amplificador phono selecion\u00e1vel incorporado e um cabo de sa\u00edda RCA duplo amov\u00edvel para permitir a liga\u00e7\u00e3o direta a componentes com ou sem uma entrada phono dedicada.<\/p>\n<h3 class=\"details_accordion-title\" style=\"text-align: left;\">Especifica\u00e7\u00f5es:<\/h3>\n<ul>\n<li style=\"text-align: left;\">Fully manual, belt-drive operation with two speeds: 33-1\/3 and 45 RPM<\/li>\n<li style=\"text-align: left;\">Motor features a speed-sensor system to maintain accurate platter rotation speed<\/li>\n<li style=\"text-align: left;\">Fully manual operation<\/li>\n<li style=\"text-align: left;\">Adjustable dynamic anti-skate control<\/li>\n<li style=\"text-align: left;\">Professional anti-resonance, die-cast aluminum platter with rubber mat<\/li>\n<li style=\"text-align: left;\">AT-HS4 universal \u00bd&#8221;-mount headshell and AT-VM95E Dual Moving Magnet phono cartridge with 0.3 x 0.7 mil elliptical stylus<\/li>\n<li style=\"text-align: left;\">AT-VM95E cartridge is compatible with any VM95 Series replacement stylus, offering a wide choice of options for every budget and application<\/li>\n<li style=\"text-align: left;\">Straight carbon-fiber tonearm with hydraulically damped lift control and lockable rest<\/li>\n<li style=\"text-align: left;\">Anti-resonance MDF (medium density fiberboard) plinth with walnut simulated wood veneer<\/li>\n<li style=\"text-align: left;\">Built-in switchable phono pre-amplifier for phono or line-level output<\/li>\n<li style=\"text-align: left;\">AC adapter handles AC\/DC conversion outside of the chassis, reducing noise in the signal chain<\/li>\n<li style=\"text-align: left;\">Includes dual RCA (male) to dual RCA (male) stereo cable, 45 RPM adapter, rubber mat, and removable hinged dust cover<\/li>\n<\/ul>\n<\/div>\n","protected":false},"excerpt":{"rendered":"<p>AT-LPW40WN \u00e9 um gira-discos totalmente manual, com transmiss\u00e3o por correia, concebido para proporcionar uma reprodu\u00e7\u00e3o \u00e1udio de alta fidelidade \u00f3ptima do vinil. Possui um plinto de MDF (placa de fibra de m\u00e9dia densidade) antirresson\u00e2ncia esteticamente agrad\u00e1vel com folheado de madeira de nogueira simulada para limitar o feedback ac\u00fastico de baixa freq\u00fc\u00eancia e um motor monitorado &hellip;<\/p>\n<p class=\"read-more\"> <a class=\"\" href=\"https:\/\/hi-fi-spot.pt\/en\/produto\/audio-technica-at-lpw40wn\/\"> <span class=\"screen-reader-text\">AUDIO TECHNICA AT-LPW40WN<\/span> Read More &raquo;<\/a><\/p>\n","protected":false},"featured_media":2826,"template":"","meta":{"site-sidebar-layout":"default","site-content-layout":"default","ast-main-header-display":"","ast-hfb-above-header-display":"","ast-hfb-below-header-display":"","ast-hfb-mobile-header-display":"","site-post-title":"","ast-breadcrumbs-content":"","ast-featured-img":"","footer-sml-layout":"","theme-transparent-header-meta":"default","adv-header-id-meta":"","stick-header-meta":"","header-above-stick-meta":"","header-main-stick-meta":"","header-below-stick-meta":""},"pwb-brand":[144],"product_cat":[40,63,28],"product_tag":[],"class_list":{"0":"post-2825","1":"product","2":"type-product","3":"status-publish","4":"has-post-thumbnail","6":"pwb-brand-audio-technica","7":"product_cat-gira-discos","8":"product_cat-produtosaudio","9":"product_cat-vinil","10":"align-center","11":"box-shadow-0","12":"box-shadow-0-hover","13":"ast-product-gallery-layout-horizontal","14":"ast-product-tabs-layout-horizontal","16":"first","17":"outofstock","18":"shipping-taxable","19":"product-type-simple"},"brands":[{"id":144,"name":"Audio-Technica","slug":"audio-technica"}],"_links":{"self":[{"href":"https:\/\/hi-fi-spot.pt\/en\/wp-json\/wp\/v2\/product\/2825","targetHints":{"allow":["GET"]}}],"collection":[{"href":"https:\/\/hi-fi-spot.pt\/en\/wp-json\/wp\/v2\/product"}],"about":[{"href":"https:\/\/hi-fi-spot.pt\/en\/wp-json\/wp\/v2\/types\/product"}],"wp:featuredmedia":[{"embeddable":true,"href":"https:\/\/hi-fi-spot.pt\/en\/wp-json\/wp\/v2\/media\/2826"}],"wp:attachment":[{"href":"https:\/\/hi-fi-spot.pt\/en\/wp-json\/wp\/v2\/media?parent=2825"}],"wp:term":[{"taxonomy":"pwb-brand","embeddable":true,"href":"https:\/\/hi-fi-spot.pt\/en\/wp-json\/wp\/v2\/pwb-brand?post=2825"},{"taxonomy":"product_cat","embeddable":true,"href":"https:\/\/hi-fi-spot.pt\/en\/wp-json\/wp\/v2\/product_cat?post=2825"},{"taxonomy":"product_tag","embeddable":true,"href":"https:\/\/hi-fi-spot.pt\/en\/wp-json\/wp\/v2\/product_tag?post=2825"}],"curies":[{"name":"wp","href":"https:\/\/api.w.org\/{rel}","templated":true}]}}