{"id":2844,"date":"2023-11-24T11:35:52","date_gmt":"2023-11-24T11:35:52","guid":{"rendered":"https:\/\/hi-fi-spot.pt\/?post_type=product&#038;p=2844"},"modified":"2026-03-16T09:40:26","modified_gmt":"2026-03-16T09:40:26","slug":"pioneer-vsx-934","status":"publish","type":"product","link":"https:\/\/hi-fi-spot.pt\/en\/produto\/pioneer-vsx-934\/","title":{"rendered":"Pioneer VSX-934"},"content":{"rendered":"<h4 style=\"text-align: left;\"><strong>Pioneer VSX-934<\/strong><\/h4>\n<div class=\"descricao\" style=\"text-align: left;\">\n<div>Mergulhe no som surround 3D de Dolby Atmos ou DTS:X! Continue a desfrutar de efeitos semelhantes com Dolby Atmos Height Virtualizer e DTS Virtual:X, mesmo sem altifalantes surround ou de altura.<\/div>\n<div><\/div>\n<\/div>\n<div class=\"dimensoes\" style=\"text-align: left;\">\n<div class=\"item\">\n<div><strong>Dolby Atmos\/Dolby Surround Upmixing<\/strong><\/div>\n<div>O VSX-934 suporta a configura\u00e7\u00e3o de canais 3.1.2 da mais recente plataforma de som de cinema Dolby Atmos. Com ele, pode reproduzir o som orientado para objectos em movimentos suaves e curvos ou o movimento tridimensional realista formado nas colunas superiores. Outros codecs de \u00e1udio, tais como PCM e DSD, podem ser misturados com Dolby Surround para desfrutar de som surround 3D.<\/div>\n<div><\/div>\n<p><strong>DTS:X\/DTS Neural:X Upmixing<\/strong><\/p>\n<div>DTS: X \u00e9 o codec de \u00e1udio da pr\u00f3xima gera\u00e7\u00e3o da DTS que aproveita o \u00e1udio baseado em objectos para criar experi\u00eancias \u00e1udio imersivas e interactivas. Uma vez que DTS: X pode adaptar automaticamente o \u00e1udio aos canais e ao sistema de altifalantes existentes, n\u00e3o \u00e9 necess\u00e1rio um design espec\u00edfico de altifalantes. Experimente um ambiente sonoro imersivo com um som incrivelmente rico e v\u00edvido. Outros codecs de \u00e1udio, tais como PCM e DSD, podem ser misturados usando DTS Neural: X para desfrutar de som surround 3D.<\/div>\n<div><\/div>\n<div><strong>Virtualiza\u00e7\u00e3o em altura Dolby Atmos<\/strong><\/div>\n<div>Ao reproduzir qualquer formato Dolby, activar o virtualizador Dolby Atmos height permite desfrutar de uma experi\u00eancia de audi\u00e7\u00e3o mais imersiva, criando um efeito sonoro virtual e elevado a partir de designs de altifalantes tradicionais e sem a necessidade de altifalantes adicionais de altura ou surround.<\/div>\n<div><\/div>\n<div><strong>DTS Virtual:X<\/strong><\/div>\n<div>Com DTS Virtual:X pode desfrutar de som surround tridimensional semelhante a DTS:X, sem a necessidade de altifalantes de altura ou de altura traseira. A tecnologia suporta uma fonte de entrada de 2 a 7.1.4 canais para distribuir o som a altifalantes de 2 a 5.1 canais. DTS Virtual:X funciona com todos os codecs DTS, incluindo DTS:X.<\/div>\n<div><\/div>\n<div><strong>Pronto para o\u00a0Padr\u00e3o de V\u00eddeo de\u00a0Pr\u00f3xima Gera\u00e7\u00e3o<\/strong><\/div>\n<div>O VSX-934 suporta sinais HDR10, HLG (Hybrid Log-Gamma) e Dolby Vision. Ao ligar-se a um dispositivo de fonte compat\u00edvel, pode agora desfrutar das mais recentes normas de v\u00eddeo num ecr\u00e3 compat\u00edvel. Al\u00e9m disso, todos os terminais HDMI suportam 4K (60p\/4:4:4:4:4\/24-bit), Wide Colour Gamut (BT.2020) e HDCP 2.2, pelo que n\u00e3o ter\u00e1 problemas em actualizar para novos dispositivos e poder\u00e1 tamb\u00e9m desfrutar de conte\u00fado premium, tal como v\u00eddeo 4K protegido contra c\u00f3pia.<\/div>\n<div><\/div>\n<div><strong>Ajuste Autom\u00e1tico de Salas MCACC<\/strong><\/div>\n<div>Criar o ambiente ac\u00fastico ideal com o MCACC (Multi-Channel Acoustic Calibration System) da Pioneer, uma tecnologia baseada na nossa experi\u00eancia com est\u00fadios de grava\u00e7\u00e3o profissionais. Gra\u00e7as ao microfone personalizado, o sistema compensa automaticamente as diferen\u00e7as de tamanho, n\u00edvel e dist\u00e2ncia do altifalante, igualando a sua resposta.<\/div>\n<div><\/div>\n<div><strong>Sa\u00edda de zona B para auscultadores sem fios<\/strong><\/div>\n<div>O VSX-934 est\u00e1 equipado com terminais de sa\u00edda de \u00e1udio de Zona B para expandir o som da zona principal ligando-o \u00e0 sua base de auscultadores sem fios. Pode ent\u00e3o ouvir o som a ser reproduzido na sala de estar atrav\u00e9s dos seus auscultadores sem fios.<\/div>\n<div><\/div>\n<div><strong>Tecnologia sem fios com Bluetooth integrado<\/strong><\/div>\n<div>Para transmiss\u00e3o a partir de dispositivos compat\u00edveis com a tecnologia sem fios Bluetooth incorporada (v. 4.2 + LE). O VSX-934 inclui perfis A2DP\/AVRCP com suporte para codecs SBC\/AAC. Ao premir o bot\u00e3o Bluetooth no painel frontal, pode lan\u00e7ar directamente a fun\u00e7\u00e3o BT, mesmo quando a unidade est\u00e1 em modo de espera.<\/div>\n<div><\/div>\n<div><strong>Zona de pot\u00eancia 2 com DAC dedicado<\/strong><\/div>\n<div>Com a fun\u00e7\u00e3o de pot\u00eancia, o VSX-934 pode accionar directamente altifalantes noutra sala, sem a necessidade de um amplificador separado. Al\u00e9m disso, o DAC dedicado da Zona 2 permite-lhe ouvir todas as suas fontes de \u00e1udio digital.<\/div>\n<div><\/div>\n<div><strong>Apple AirPlay 2<\/strong><\/div>\n<div>O Apple AirPlay 2 permite-lhe transmitir sem esfor\u00e7o m\u00fasica ou podcasts para colunas de som em toda a sua casa usando qualquer dispositivo Apple ou perguntando \u00e0 Siri, e tudo se mant\u00e9m em perfeita sincronia.<\/div>\n<\/div>\n<\/div>\n<div>\n<h2 style=\"text-align: left;\"><\/h2>\n<p style=\"text-align: left;\"><strong>Caracter\u00edsticas :<\/strong><\/p>\n<div class=\"item\">\n<div style=\"text-align: left;\"><strong>Amplifica\u00e7\u00e3o<\/strong><\/div>\n<div style=\"text-align: left;\">Canais: 7<\/div>\n<div style=\"text-align: left;\">Tipo de Amplifica\u00e7\u00e3o: Energia Directa<\/div>\n<div style=\"text-align: left;\">160 W\/ch (6 ohms, 1 kHz, THD 10 %, 1ch Driven)<\/div>\n<div style=\"text-align: left;\">135 W\/ch (6 ohms, 1 kHz, THD 1,0 %, 1ch Driven)<\/div>\n<div style=\"text-align: left;\"><\/div>\n<div style=\"text-align: left;\"><strong>Caracter\u00edsticas \u00e1udio<\/strong><\/div>\n<div style=\"text-align: left;\">Dolby Atmos\u00ae, Dolby Surround Upmixer<\/div>\n<div style=\"text-align: left;\">DTS:X\u00ae, DTS Neural:X\u00ae Upmixer<\/div>\n<div style=\"text-align: left;\">Reflex Optimizer<\/div>\n<div style=\"text-align: left;\">Dolby Atmos Height Virtualizer*1<\/div>\n<div style=\"text-align: left;\">DTS Virtual:X*1<\/div>\n<div style=\"text-align: left;\">Dolby\u00ae TrueHD, Dolby Digital Plus<\/div>\n<div style=\"text-align: left;\">DTS-HD Master Audio, DTS-HD High Resolution Audio, DTS 96\/24, DTS-ES, DTS-HD Express<\/div>\n<div style=\"text-align: left;\">Reprodu\u00e7\u00e3o de discos DSD (SACD) via HDMI (2,8 MHz\/2ch, 5,1ch)<\/div>\n<div style=\"text-align: left;\">DSP Digital Quad-Core 32-bit DSP (L\u00f3gica de Cirrus)<\/div>\n<div style=\"text-align: left;\">384 kHz\/32-bit D\/A Convers\u00e3o com AK4458 (AKM)<\/div>\n<div style=\"text-align: left;\">Canal de retorno \u00e1udio (ARC) em HDMI<\/div>\n<div style=\"text-align: left;\">Afina\u00e7\u00e3o da Sala Autom\u00e1tica MCACC<\/div>\n<div style=\"text-align: left;\">Controlo de fases<\/div>\n<div style=\"text-align: left;\">Subwoofer EQ<\/div>\n<div style=\"text-align: left;\">Advanced Sound Retriever (2ch)<\/div>\n<div style=\"text-align: left;\">Modos Surround Avan\u00e7ados<\/div>\n<div style=\"text-align: left;\">Cl\u00e1ssico, Unplugged, Show de Entretenimento, Drama, Jogo Avan\u00e7ado, Ac\u00e7\u00e3o, Rock\/Pop, Desporto, Est\u00e9reo Estendido, Mono Estendido, Avan\u00e7o no Palco Frontal<\/div>\n<div style=\"text-align: left;\">\n<div><\/div>\n<div><strong>Caracter\u00edsticas v\u00eddeo<\/strong><\/div>\n<\/div>\n<div style=\"text-align: left;\">Ultra HD Pass-through com HDCP 2.3 (4K\/60p\/4:4:4\/24-bit, 4K\/24p\/4:4\/36-bit, 4K\/60p\/4:2:0\/36-bit)<\/div>\n<div style=\"text-align: left;\">HDR10, HLG e BT.2020 Wide Colour Gamut Signal Passthrough<\/div>\n<div style=\"text-align: left;\">Compat\u00edvel com Dolby Vision<\/div>\n<div style=\"text-align: left;\">Escalonamento Ultra HD (1080p a 4K)<\/div>\n<div style=\"text-align: left;\">3D Ready (Blu-ray Disc\u2122, Broadcast, e Jogos)<\/div>\n<div style=\"text-align: left;\">Cor profunda (36 bits), &#8220;x.v. Cor&#8221;.<\/div>\n<div style=\"text-align: left;\"><\/div>\n<div style=\"text-align: left;\"><strong>Caracter\u00edsticas de rede<\/strong><\/div>\n<div style=\"text-align: left;\">FlareConnect\u2122 para Multi-room Audio<\/div>\n<div style=\"text-align: left;\">DTS Play-Fi com Pioneer Music Control App<\/div>\n<div style=\"text-align: left;\">Apple AirPlay 2*1<\/div>\n<div style=\"text-align: left;\">Trabalha com SONOS<\/div>\n<div style=\"text-align: left;\">Amazon Music*2, Spotify Freemium*3, Spotify Premium*3, TIDAL*3, e Deezer*3 Music-Streaming Services Ready<\/div>\n<div style=\"text-align: left;\">R\u00e1dio Internet com TuneIn<\/div>\n<div style=\"text-align: left;\">Reprodu\u00e7\u00e3o de ficheiros \u00e1udio em alta resolu\u00e7\u00e3o via USB\/Rede<\/div>\n<div style=\"text-align: left;\">At\u00e9 192 kHz\/24 bits ALAC*4, AIFF , FLAC, WAV (RIFF) e 5,6 MHz DSD*5<\/div>\n<div style=\"text-align: left;\">\n<div><\/div>\n<div><strong>Caracter\u00edsticas Conveni\u00eancia<\/strong><\/div>\n<\/div>\n<div style=\"text-align: left;\">Predefini\u00e7\u00e3o pessoal<\/div>\n<div style=\"text-align: left;\">Melhoria do di\u00e1logo<\/div>\n<div style=\"text-align: left;\">Banda dupla (5 GHz\/2,4 GHz) Wi-Fi\u00ae Incorporado<\/div>\n<div style=\"text-align: left;\">Tecnologia sem fios Bluetooth\u00ae (Vers\u00e3o: 4.2 + LE, Perfil: A2DP 1.2\/AVRCP 1.3, Codec: SBC\/AAC) Incorporado<\/div>\n<div style=\"text-align: left;\">Pioneer Remote App*6 Ready for Multi-room Entertainment Control and Network Streaming<\/div>\n<div style=\"text-align: left;\">GUI de f\u00e1cil utiliza\u00e7\u00e3o com menu de configura\u00e7\u00e3o do sistema<\/div>\n<div style=\"text-align: left;\">Informa\u00e7\u00e3o no ecr\u00e3 para o estado \u00e1udio\/v\u00eddeo<\/div>\n<div style=\"text-align: left;\">Auto Power Off em HDMI Standby Through<\/div>\n<div style=\"text-align: left;\">Sintonizador AM\/FM 40 predefini\u00e7\u00f5es<\/div>\n<div style=\"text-align: left;\">Temporizador do Sono<\/div>\n<div style=\"text-align: left;\">Controlo Remoto Simples de F\u00e1cil Utiliza\u00e7\u00e3o<\/div>\n<div style=\"text-align: left;\"><\/div>\n<div style=\"text-align: left;\"><strong>Terminais frontais<\/strong><\/div>\n<div style=\"text-align: left;\">USB 1 In para unidade USB<\/div>\n<div style=\"text-align: left;\">MCACC Setup MIC In<\/div>\n<div style=\"text-align: left;\">Audio 1 In (Mini Jack Est\u00e9reo)<\/div>\n<div style=\"text-align: left;\">Headphones 1 Out<\/div>\n<div style=\"text-align: left;\"><\/div>\n<div style=\"text-align: left;\"><strong>Terminais traseiros<\/strong><\/div>\n<div style=\"text-align: left;\">HDMI 6 In (4 Atribu\u00edvel)<\/div>\n<div style=\"text-align: left;\">Sa\u00edda HDMI 2<\/div>\n<div style=\"text-align: left;\">Ethernet 1 In<\/div>\n<div style=\"text-align: left;\">USB 1 In para unidade USB<\/div>\n<div style=\"text-align: left;\">Audio 4 In (Atribu\u00edvel)<\/div>\n<div style=\"text-align: left;\">Phono (MM) 1<\/div>\n<div style=\"text-align: left;\">Coaxial Digital 1 In (Atribu\u00edvel)<\/div>\n<div style=\"text-align: left;\">\u00d3ptica Digital 1 In (Atribu\u00edvel)<\/div>\n<div style=\"text-align: left;\">Subwoofer 2 Pre Out<\/div>\n<div style=\"text-align: left;\">ZONE B Line Out para auscultadores sem fios<\/div>\n<div style=\"text-align: left;\">Colunas 7ch Out (FRONT, CENTRO, SURROUND, SURROUND BACK\/HEIGHT\/Bi-AMP\/ZONA 2)<\/div>\n<div style=\"text-align: left;\">\n<div>Antena FM\/AM<\/div>\n<div><\/div>\n<\/div>\n<div style=\"text-align: left;\"><strong>Especifica\u00e7\u00f5es<\/strong><\/div>\n<div style=\"text-align: left;\">Requisitos de energia: AC 220-240 V, 50\/60 Hz<\/div>\n<div style=\"text-align: left;\">Consumo de energia\/Em espera: 450 W\/0,15 W<\/div>\n<div style=\"text-align: left;\">Dimens\u00f5es (L x A x P): 435 x 173 x 370,5 mm<\/div>\n<div style=\"text-align: left;\">Peso: 9,6 kg<\/div>\n<\/div>\n<\/div>\n","protected":false},"excerpt":{"rendered":"<p>Pioneer VSX-934 Mergulhe no som surround 3D de Dolby Atmos ou DTS:X! Continue a desfrutar de efeitos semelhantes com Dolby Atmos Height Virtualizer e DTS Virtual:X, mesmo sem altifalantes surround ou de altura. Dolby Atmos\/Dolby Surround Upmixing O VSX-934 suporta a configura\u00e7\u00e3o de canais 3.1.2 da mais recente plataforma de som de cinema Dolby Atmos. &hellip;<\/p>\n<p class=\"read-more\"> <a class=\"\" href=\"https:\/\/hi-fi-spot.pt\/en\/produto\/pioneer-vsx-934\/\"> <span class=\"screen-reader-text\">Pioneer VSX-934<\/span> Read More &raquo;<\/a><\/p>\n","protected":false},"featured_media":3016,"template":"","meta":{"site-sidebar-layout":"default","site-content-layout":"default","ast-main-header-display":"","ast-hfb-above-header-display":"","ast-hfb-below-header-display":"","ast-hfb-mobile-header-display":"","site-post-title":"","ast-breadcrumbs-content":"","ast-featured-img":"","footer-sml-layout":"","theme-transparent-header-meta":"default","adv-header-id-meta":"","stick-header-meta":"","header-above-stick-meta":"","header-main-stick-meta":"","header-below-stick-meta":""},"pwb-brand":[128],"product_cat":[65,59],"product_tag":[],"class_list":{"0":"post-2844","1":"product","2":"type-product","3":"status-publish","4":"has-post-thumbnail","6":"pwb-brand-pioneer","7":"product_cat-home-cinema","8":"product_cat-receptores","9":"align-center","10":"box-shadow-0","11":"box-shadow-0-hover","12":"ast-product-gallery-layout-horizontal","13":"ast-product-tabs-layout-horizontal","15":"first","16":"instock","17":"shipping-taxable","18":"purchasable","19":"product-type-simple"},"brands":[{"id":128,"name":"Pioneer","slug":"pioneer"}],"_links":{"self":[{"href":"https:\/\/hi-fi-spot.pt\/en\/wp-json\/wp\/v2\/product\/2844","targetHints":{"allow":["GET"]}}],"collection":[{"href":"https:\/\/hi-fi-spot.pt\/en\/wp-json\/wp\/v2\/product"}],"about":[{"href":"https:\/\/hi-fi-spot.pt\/en\/wp-json\/wp\/v2\/types\/product"}],"wp:featuredmedia":[{"embeddable":true,"href":"https:\/\/hi-fi-spot.pt\/en\/wp-json\/wp\/v2\/media\/3016"}],"wp:attachment":[{"href":"https:\/\/hi-fi-spot.pt\/en\/wp-json\/wp\/v2\/media?parent=2844"}],"wp:term":[{"taxonomy":"pwb-brand","embeddable":true,"href":"https:\/\/hi-fi-spot.pt\/en\/wp-json\/wp\/v2\/pwb-brand?post=2844"},{"taxonomy":"product_cat","embeddable":true,"href":"https:\/\/hi-fi-spot.pt\/en\/wp-json\/wp\/v2\/product_cat?post=2844"},{"taxonomy":"product_tag","embeddable":true,"href":"https:\/\/hi-fi-spot.pt\/en\/wp-json\/wp\/v2\/product_tag?post=2844"}],"curies":[{"name":"wp","href":"https:\/\/api.w.org\/{rel}","templated":true}]}}