{"id":3029,"date":"2023-12-12T16:56:05","date_gmt":"2023-12-12T16:56:05","guid":{"rendered":"https:\/\/hi-fi-spot.pt\/?post_type=product&#038;p=3029"},"modified":"2023-12-12T16:56:06","modified_gmt":"2023-12-12T16:56:06","slug":"oehlabch-transform-dual-plug","status":"publish","type":"product","link":"https:\/\/hi-fi-spot.pt\/en\/produto\/oehlabch-transform-dual-plug\/","title":{"rendered":"OEHLABCH &#8211; TRANSFORM DUAL-PLUG"},"content":{"rendered":"<p>Um Cabo &#8211; Quatro Liga\u00e7\u00f5es &#8211; O cabo Transform Dual-Plug com dois fios de cabo, cada um composto por quatro fios OFC individualmente entran\u00e7ados e isolados, formam o funcionamento interno do novo cabo Excellence. Do lado de fora, estes s\u00e3o protegidos por um revestimento de tecido de alta qualidade com um design elegante.<br \/>\nO OFC \u00e9 um cobre de alta pureza, isento de oxig\u00e9nio, que \u00e9 perfeitamente adequado como material condutor interno devido \u00e0 sua excelente condutividade el\u00e9ctrica e resist\u00eancia particularmente baixa. Existem duas roscas de parafuso em ambas as extremidades do cabo, que podem ser equipadas individualmente com os adaptadores fornecidos (um total de 8x fichas banana e 8x terminais de cabo). Tanto as roscas como os adaptadores s\u00e3o revestidos a ouro de 24 quilates para garantir a m\u00e1xima fiabilidade dos contactos. A ficha met\u00e1lica s\u00f3lida dos adaptadores tamb\u00e9m contribui para este facto.<br \/>\nCom a liberdade de escolher entre fichas banana e terminais de cabo em ambas as extremidades, alcan\u00e7amos uma dimens\u00e3o inigual\u00e1vel de liberdade no entretenimento dom\u00e9stico com o nosso Transform Dual-Plug.<\/p>\n<div class=\"d-inline-block w-100 mb-3\"><b class=\"d-block mb-3\">Colour:<\/b>Black<\/div>\n<div class=\"d-inline-block w-100 mb-3\"><b class=\"d-block mb-3\">Connection type:<\/b>Audio<\/div>\n<div class=\"d-inline-block w-100 mb-3\"><b class=\"d-block mb-3\">Connector material:<\/b>gold-plated connector plug, solid metal plug<\/div>\n<div class=\"d-inline-block w-100 mb-3\"><b class=\"d-block mb-3\">Inner conductor material:<\/b>OFC &#8211; oxygen-free copper<\/div>\n<div class=\"d-inline-block w-100 mb-3\"><b class=\"d-block mb-3\">cable cross section:<\/b>2 x 6.0 mm\u00b2<\/div>\n<div class=\"d-inline-block w-100 mb-3\"><b class=\"d-block mb-3\">cable geometry:<\/b>Flat<\/div>\n<div class=\"d-inline-block w-100 mb-3\"><b class=\"d-block mb-3\">cable length:<\/b>2 m<\/div>\n<div class=\"d-inline-block w-100 mb-3\">\n<div class=\"d-flex\"><strong>Stereo speaker cable<\/strong><\/div>\n<div class=\"d-flex\"><strong>German Technology<\/strong><\/div>\n<\/div>\n<div><\/div>\n","protected":false},"excerpt":{"rendered":"<p>Um Cabo &#8211; Quatro Liga\u00e7\u00f5es &#8211; O cabo Transform Dual-Plug com dois fios de cabo, cada um composto por quatro fios OFC individualmente entran\u00e7ados e isolados, formam o funcionamento interno do novo cabo Excellence. Do lado de fora, estes s\u00e3o protegidos por um revestimento de tecido de alta qualidade com um design elegante. O OFC &hellip;<\/p>\n<p class=\"read-more\"> <a class=\"\" href=\"https:\/\/hi-fi-spot.pt\/en\/produto\/oehlabch-transform-dual-plug\/\"> <span class=\"screen-reader-text\">OEHLABCH &#8211; TRANSFORM DUAL-PLUG<\/span> Read More &raquo;<\/a><\/p>\n","protected":false},"featured_media":3044,"template":"","meta":{"site-sidebar-layout":"default","site-content-layout":"default","ast-main-header-display":"","ast-hfb-above-header-display":"","ast-hfb-below-header-display":"","ast-hfb-mobile-header-display":"","site-post-title":"","ast-breadcrumbs-content":"","ast-featured-img":"","footer-sml-layout":"","theme-transparent-header-meta":"default","adv-header-id-meta":"","stick-header-meta":"","header-above-stick-meta":"","header-main-stick-meta":"","header-below-stick-meta":""},"pwb-brand":[159],"product_cat":[34,49,47,63],"product_tag":[],"class_list":{"0":"post-3029","1":"product","2":"type-product","3":"status-publish","4":"has-post-thumbnail","6":"pwb-brand-oehlbach","7":"product_cat-acessorios","8":"product_cat-audio-cabos","9":"product_cat-cabos","10":"product_cat-produtosaudio","11":"align-center","12":"box-shadow-0","13":"box-shadow-0-hover","14":"ast-product-gallery-layout-horizontal","15":"ast-product-tabs-layout-horizontal","17":"first","18":"instock","19":"shipping-taxable","20":"product-type-simple"},"brands":[{"id":159,"name":"Oehlbach","slug":"oehlbach"}],"_links":{"self":[{"href":"https:\/\/hi-fi-spot.pt\/en\/wp-json\/wp\/v2\/product\/3029","targetHints":{"allow":["GET"]}}],"collection":[{"href":"https:\/\/hi-fi-spot.pt\/en\/wp-json\/wp\/v2\/product"}],"about":[{"href":"https:\/\/hi-fi-spot.pt\/en\/wp-json\/wp\/v2\/types\/product"}],"wp:featuredmedia":[{"embeddable":true,"href":"https:\/\/hi-fi-spot.pt\/en\/wp-json\/wp\/v2\/media\/3044"}],"wp:attachment":[{"href":"https:\/\/hi-fi-spot.pt\/en\/wp-json\/wp\/v2\/media?parent=3029"}],"wp:term":[{"taxonomy":"pwb-brand","embeddable":true,"href":"https:\/\/hi-fi-spot.pt\/en\/wp-json\/wp\/v2\/pwb-brand?post=3029"},{"taxonomy":"product_cat","embeddable":true,"href":"https:\/\/hi-fi-spot.pt\/en\/wp-json\/wp\/v2\/product_cat?post=3029"},{"taxonomy":"product_tag","embeddable":true,"href":"https:\/\/hi-fi-spot.pt\/en\/wp-json\/wp\/v2\/product_tag?post=3029"}],"curies":[{"name":"wp","href":"https:\/\/api.w.org\/{rel}","templated":true}]}}