{"id":3139,"date":"2023-12-26T12:26:28","date_gmt":"2023-12-26T12:26:28","guid":{"rendered":"https:\/\/hi-fi-spot.pt\/?post_type=product&#038;p=3139"},"modified":"2025-10-16T09:14:36","modified_gmt":"2025-10-16T09:14:36","slug":"rogers-ls6a","status":"publish","type":"product","link":"https:\/\/hi-fi-spot.pt\/en\/produto\/rogers-ls6a\/","title":{"rendered":"Rogers &#8211; LS6a"},"content":{"rendered":"<p style=\"text-align: left;\">Colunas\u00a0<strong>Rogers &#8211; LS6a<\/strong>, a tocarem muito bem, e em \u00f3ptimo estado cosm\u00e9tico, conforme as fotografias as apresentam.<\/p>\n<p style=\"text-align: left;\">Para mais informa\u00e7\u00f5es contacte-nos.<\/p>\n<p style=\"text-align: left;\">\u2026<\/p>\n<p style=\"text-align: left;\">Estas e outras colunas, e ainda outros equipamentos podem ser escutadas em Pombal, no Edif\u00edcio T\u00e9cnimusica.<\/p>\n","protected":false},"excerpt":{"rendered":"<p>Colunas\u00a0Rogers &#8211; LS6a, a tocarem muito bem, e em \u00f3ptimo estado cosm\u00e9tico, conforme as fotografias as apresentam. Para mais informa\u00e7\u00f5es contacte-nos. \u2026 Estas e outras colunas, e ainda outros equipamentos podem ser escutadas em Pombal, no Edif\u00edcio T\u00e9cnimusica.<\/p>\n","protected":false},"featured_media":3140,"template":"","meta":{"site-sidebar-layout":"default","site-content-layout":"default","ast-main-header-display":"","ast-hfb-above-header-display":"","ast-hfb-below-header-display":"","ast-hfb-mobile-header-display":"","site-post-title":"","ast-breadcrumbs-content":"","ast-featured-img":"","footer-sml-layout":"","theme-transparent-header-meta":"default","adv-header-id-meta":"","stick-header-meta":"","header-above-stick-meta":"","header-main-stick-meta":"","header-below-stick-meta":""},"pwb-brand":[164],"product_cat":[64,51],"product_tag":[],"class_list":{"0":"post-3139","1":"product","2":"type-product","3":"status-publish","4":"has-post-thumbnail","6":"pwb-brand-rogers","7":"product_cat-usados-ex-demo","8":"product_cat-usados-vintage","9":"align-center","10":"box-shadow-0","11":"box-shadow-0-hover","12":"ast-product-gallery-layout-horizontal","13":"ast-product-tabs-layout-horizontal","15":"first","16":"instock","17":"shipping-taxable","18":"purchasable","19":"product-type-simple"},"brands":[{"id":164,"name":"Rogers","slug":"rogers"}],"_links":{"self":[{"href":"https:\/\/hi-fi-spot.pt\/en\/wp-json\/wp\/v2\/product\/3139","targetHints":{"allow":["GET"]}}],"collection":[{"href":"https:\/\/hi-fi-spot.pt\/en\/wp-json\/wp\/v2\/product"}],"about":[{"href":"https:\/\/hi-fi-spot.pt\/en\/wp-json\/wp\/v2\/types\/product"}],"wp:featuredmedia":[{"embeddable":true,"href":"https:\/\/hi-fi-spot.pt\/en\/wp-json\/wp\/v2\/media\/3140"}],"wp:attachment":[{"href":"https:\/\/hi-fi-spot.pt\/en\/wp-json\/wp\/v2\/media?parent=3139"}],"wp:term":[{"taxonomy":"pwb-brand","embeddable":true,"href":"https:\/\/hi-fi-spot.pt\/en\/wp-json\/wp\/v2\/pwb-brand?post=3139"},{"taxonomy":"product_cat","embeddable":true,"href":"https:\/\/hi-fi-spot.pt\/en\/wp-json\/wp\/v2\/product_cat?post=3139"},{"taxonomy":"product_tag","embeddable":true,"href":"https:\/\/hi-fi-spot.pt\/en\/wp-json\/wp\/v2\/product_tag?post=3139"}],"curies":[{"name":"wp","href":"https:\/\/api.w.org\/{rel}","templated":true}]}}