{"id":3158,"date":"2023-12-28T10:38:38","date_gmt":"2023-12-28T10:38:38","guid":{"rendered":"https:\/\/hi-fi-spot.pt\/?post_type=product&#038;p=3158"},"modified":"2024-02-29T11:39:18","modified_gmt":"2024-02-29T11:39:18","slug":"chario-constelation-cynius","status":"publish","type":"product","link":"https:\/\/hi-fi-spot.pt\/en\/produto\/chario-constelation-cynius\/","title":{"rendered":"Chario Constellation Cygnus"},"content":{"rendered":"<p style=\"text-align: left;\">Colunas <strong>Chario Constellation Cygnus<\/strong>, a tocarem muito bem, e em \u00f3ptimo estado cosm\u00e9tico, conforme as fotografias as apresentam.<\/p>\n<p style=\"text-align: left;\">Para mais informa\u00e7\u00f5es contacte-nos.<\/p>\n<p style=\"text-align: left;\">\u2026<\/p>\n<p style=\"text-align: left;\">Estas e outras colunas, e ainda outros equipamentos podem ser escutadas em Pombal, no Edif\u00edcio T\u00e9cnimusica.<\/p>\n","protected":false},"excerpt":{"rendered":"<p>Colunas Chario Constellation Cygnus, a tocarem muito bem, e em \u00f3ptimo estado cosm\u00e9tico, conforme as fotografias as apresentam. Para mais informa\u00e7\u00f5es contacte-nos. \u2026 Estas e outras colunas, e ainda outros equipamentos podem ser escutadas em Pombal, no Edif\u00edcio T\u00e9cnimusica.<\/p>\n","protected":false},"featured_media":3177,"template":"","meta":{"site-sidebar-layout":"default","site-content-layout":"default","ast-main-header-display":"","ast-hfb-above-header-display":"","ast-hfb-below-header-display":"","ast-hfb-mobile-header-display":"","site-post-title":"","ast-breadcrumbs-content":"","ast-featured-img":"","footer-sml-layout":"","theme-transparent-header-meta":"default","adv-header-id-meta":"","stick-header-meta":"","header-above-stick-meta":"","header-main-stick-meta":"","header-below-stick-meta":""},"pwb-brand":[165],"product_cat":[56,64,51],"product_tag":[],"class_list":{"0":"post-3158","1":"product","2":"type-product","3":"status-publish","4":"has-post-thumbnail","6":"pwb-brand-chario","7":"product_cat-colunas-outros-usados","8":"product_cat-usados-ex-demo","9":"product_cat-usados-vintage","10":"align-center","11":"box-shadow-0","12":"box-shadow-0-hover","13":"ast-product-gallery-layout-horizontal","14":"ast-product-tabs-layout-horizontal","16":"first","17":"instock","18":"shipping-taxable","19":"purchasable","20":"product-type-simple"},"brands":[{"id":165,"name":"Chario","slug":"chario"}],"_links":{"self":[{"href":"https:\/\/hi-fi-spot.pt\/en\/wp-json\/wp\/v2\/product\/3158","targetHints":{"allow":["GET"]}}],"collection":[{"href":"https:\/\/hi-fi-spot.pt\/en\/wp-json\/wp\/v2\/product"}],"about":[{"href":"https:\/\/hi-fi-spot.pt\/en\/wp-json\/wp\/v2\/types\/product"}],"wp:featuredmedia":[{"embeddable":true,"href":"https:\/\/hi-fi-spot.pt\/en\/wp-json\/wp\/v2\/media\/3177"}],"wp:attachment":[{"href":"https:\/\/hi-fi-spot.pt\/en\/wp-json\/wp\/v2\/media?parent=3158"}],"wp:term":[{"taxonomy":"pwb-brand","embeddable":true,"href":"https:\/\/hi-fi-spot.pt\/en\/wp-json\/wp\/v2\/pwb-brand?post=3158"},{"taxonomy":"product_cat","embeddable":true,"href":"https:\/\/hi-fi-spot.pt\/en\/wp-json\/wp\/v2\/product_cat?post=3158"},{"taxonomy":"product_tag","embeddable":true,"href":"https:\/\/hi-fi-spot.pt\/en\/wp-json\/wp\/v2\/product_tag?post=3158"}],"curies":[{"name":"wp","href":"https:\/\/api.w.org\/{rel}","templated":true}]}}