{"id":3247,"date":"2024-03-08T15:19:56","date_gmt":"2024-03-08T15:19:56","guid":{"rendered":"https:\/\/hi-fi-spot.pt\/?post_type=product&#038;p=3247"},"modified":"2024-03-27T14:58:12","modified_gmt":"2024-03-27T14:58:12","slug":"scansonic-hd-mb5b","status":"publish","type":"product","link":"https:\/\/hi-fi-spot.pt\/en\/produto\/scansonic-hd-mb5b\/","title":{"rendered":"Scansonic HD &#8211; MB5B"},"content":{"rendered":"<p>O modelo MB5 B \u00e9 uma coluna de ch\u00e3o muito elegante com quatro altifalantes de 5,25&#8243; com cones de carbono e um tweeter de fita selado. As colunas MB5 funcionam como um design de altifalante de 2,5 vias, em que dois woofers m\u00e9dios de 5,25&#8243; com cones de carbono s\u00e3o suportados por dois drivers adicionais com cones de carbono para um desempenho de base adicional. Os dois woofers m\u00e9dios de carbono s\u00e3o colocados em s\u00e9rie para um manuseamento de pot\u00eancia maior e mais din\u00e2mico.<\/p>\n<p>A caixa do MB5 \u00e9 refor\u00e7ada, curvada e com refor\u00e7os s\u00f3lidos de carbono.<\/p>\n<p>O altifalante \u00e9 cruzado a 2600 Hz e os dois woofers laterais adicionados ajudam at\u00e9 250 Hz. O modelo MB5 B transporta a base at\u00e9 \u00e0s notas mais profundas e f\u00e1-lo com uma condu\u00e7\u00e3o sem esfor\u00e7o que o deixar\u00e1 maravilhado.<\/p>\n<p><em>NOTA : pre\u00e7o anunciado para a cor preta ou branca. Em &#8220;real veneer&#8221; o pre\u00e7o \u00e9 8,900 \u20ac<\/em><\/p>\n<p>ESPECIFICA\u00c7\u00d5ES :<\/p>\n<ul>\n<li>Size, mm. (BxHxD): 178 x 1185 x 319<\/li>\n<li>Weight, kg.: 25 per unit<\/li>\n<li>Freq. response: 29 Hz \u2013 40 KHz<\/li>\n<li>Impedance: &gt; 4 ohm<\/li>\n<li>Sensitivity: 90 db<\/li>\n<li>Crossover: 250 Hz + 2600 Hz \/ Minimum phase<\/li>\n<li>Enclosure: Curved, heavily braced, ventilated box design with adjustable aluminum feet<\/li>\n<li>Drive units: 1 x Ribbon tweeter \u00b7 1 x 5,25\u201d Midrange \u00b7 3 x 5,25\u2033 Woofer<\/li>\n<li>Black-silk, White-silk or Walnut<\/li>\n<li>Amplification: We recommend high quality amplifiers &gt;50W<\/li>\n<\/ul>\n","protected":false},"excerpt":{"rendered":"<p>O modelo MB5 B \u00e9 uma coluna de ch\u00e3o muito elegante com quatro altifalantes de 5,25&#8243; com cones de carbono e um tweeter de fita selado. As colunas MB5 funcionam como um design de altifalante de 2,5 vias, em que dois woofers m\u00e9dios de 5,25&#8243; com cones de carbono s\u00e3o suportados por dois drivers adicionais &hellip;<\/p>\n<p class=\"read-more\"> <a class=\"\" href=\"https:\/\/hi-fi-spot.pt\/en\/produto\/scansonic-hd-mb5b\/\"> <span class=\"screen-reader-text\">Scansonic HD &#8211; MB5B<\/span> Read More &raquo;<\/a><\/p>\n","protected":false},"featured_media":3254,"template":"","meta":{"site-sidebar-layout":"default","site-content-layout":"default","ast-main-header-display":"","ast-hfb-above-header-display":"","ast-hfb-below-header-display":"","ast-hfb-mobile-header-display":"","site-post-title":"","ast-breadcrumbs-content":"","ast-featured-img":"","footer-sml-layout":"","theme-transparent-header-meta":"default","adv-header-id-meta":"","stick-header-meta":"","header-above-stick-meta":"","header-main-stick-meta":"","header-below-stick-meta":""},"pwb-brand":[18],"product_cat":[31,63],"product_tag":[],"class_list":{"0":"post-3247","1":"product","2":"type-product","3":"status-publish","4":"has-post-thumbnail","6":"pwb-brand-scansonic","7":"product_cat-colunas","8":"product_cat-produtosaudio","9":"align-center","10":"box-shadow-0","11":"box-shadow-0-hover","12":"ast-product-gallery-layout-horizontal","13":"ast-product-tabs-layout-horizontal","15":"first","16":"instock","17":"shipping-taxable","18":"purchasable","19":"product-type-simple"},"brands":[{"id":18,"name":"Scansonic","slug":"scansonic"}],"_links":{"self":[{"href":"https:\/\/hi-fi-spot.pt\/en\/wp-json\/wp\/v2\/product\/3247","targetHints":{"allow":["GET"]}}],"collection":[{"href":"https:\/\/hi-fi-spot.pt\/en\/wp-json\/wp\/v2\/product"}],"about":[{"href":"https:\/\/hi-fi-spot.pt\/en\/wp-json\/wp\/v2\/types\/product"}],"wp:featuredmedia":[{"embeddable":true,"href":"https:\/\/hi-fi-spot.pt\/en\/wp-json\/wp\/v2\/media\/3254"}],"wp:attachment":[{"href":"https:\/\/hi-fi-spot.pt\/en\/wp-json\/wp\/v2\/media?parent=3247"}],"wp:term":[{"taxonomy":"pwb-brand","embeddable":true,"href":"https:\/\/hi-fi-spot.pt\/en\/wp-json\/wp\/v2\/pwb-brand?post=3247"},{"taxonomy":"product_cat","embeddable":true,"href":"https:\/\/hi-fi-spot.pt\/en\/wp-json\/wp\/v2\/product_cat?post=3247"},{"taxonomy":"product_tag","embeddable":true,"href":"https:\/\/hi-fi-spot.pt\/en\/wp-json\/wp\/v2\/product_tag?post=3247"}],"curies":[{"name":"wp","href":"https:\/\/api.w.org\/{rel}","templated":true}]}}