{"id":3930,"date":"2024-10-11T10:48:31","date_gmt":"2024-10-11T10:48:31","guid":{"rendered":"https:\/\/hi-fi-spot.pt\/?post_type=product&#038;p=3930"},"modified":"2024-10-11T10:59:01","modified_gmt":"2024-10-11T10:59:01","slug":"melody-astro-black-50","status":"publish","type":"product","link":"https:\/\/hi-fi-spot.pt\/en\/produto\/melody-astro-black-50\/","title":{"rendered":"Melody &#8211; Astro Black 50"},"content":{"rendered":"<p style=\"text-align: left;\"><strong>Amplificador Melody &#8211; Astro Black 50<\/strong><\/p>\n<p style=\"text-align: left;\">Estado : muito pouco usado, no entanto foi todo revisto pelo nosso t\u00e9cnico.<\/p>\n<p style=\"text-align: left;\">Especifica\u00e7\u00f5es :<\/p>\n<ul style=\"text-align: left;\">\n<li>Power Output: 50w + 50w Class AB1<\/li>\n<li>Frequency Response: 20Hz &#8211; 30KHz<\/li>\n<li>Input Impedance: 200K Ohms<\/li>\n<li>Speaker Taps: 4 Ohms, 8 Ohms<\/li>\n<li>Line Input Sensitivity: 480mV<\/li>\n<\/ul>\n<p style=\"text-align: left;\">Visite-nos e ou\u00e7a este belo amplificador numa das nossas salas.<\/p>\n","protected":false},"excerpt":{"rendered":"<p>Amplificador Melody &#8211; Astro Black 50 Estado : muito pouco usado, no entanto foi todo revisto pelo nosso t\u00e9cnico. Especifica\u00e7\u00f5es : Power Output: 50w + 50w Class AB1 Frequency Response: 20Hz &#8211; 30KHz Input Impedance: 200K Ohms Speaker Taps: 4 Ohms, 8 Ohms Line Input Sensitivity: 480mV Visite-nos e ou\u00e7a este belo amplificador numa das &hellip;<\/p>\n<p class=\"read-more\"> <a class=\"\" href=\"https:\/\/hi-fi-spot.pt\/en\/produto\/melody-astro-black-50\/\"> <span class=\"screen-reader-text\">Melody &#8211; Astro Black 50<\/span> Read More &raquo;<\/a><\/p>\n","protected":false},"featured_media":3931,"template":"","meta":{"site-sidebar-layout":"default","site-content-layout":"default","ast-main-header-display":"","ast-hfb-above-header-display":"","ast-hfb-below-header-display":"","ast-hfb-mobile-header-display":"","site-post-title":"","ast-breadcrumbs-content":"","ast-featured-img":"","footer-sml-layout":"","theme-transparent-header-meta":"default","adv-header-id-meta":"","stick-header-meta":"","header-above-stick-meta":"","header-main-stick-meta":"","header-below-stick-meta":""},"pwb-brand":[184],"product_cat":[54,64],"product_tag":[],"class_list":{"0":"post-3930","1":"product","2":"type-product","3":"status-publish","4":"has-post-thumbnail","6":"pwb-brand-melody","7":"product_cat-varios-ex-demo","8":"product_cat-usados-ex-demo","9":"align-center","10":"box-shadow-0","11":"box-shadow-0-hover","12":"ast-product-gallery-layout-horizontal","13":"ast-product-tabs-layout-horizontal","15":"first","16":"instock","17":"shipping-taxable","18":"purchasable","19":"product-type-simple"},"brands":[{"id":184,"name":"Melody","slug":"melody"}],"_links":{"self":[{"href":"https:\/\/hi-fi-spot.pt\/en\/wp-json\/wp\/v2\/product\/3930","targetHints":{"allow":["GET"]}}],"collection":[{"href":"https:\/\/hi-fi-spot.pt\/en\/wp-json\/wp\/v2\/product"}],"about":[{"href":"https:\/\/hi-fi-spot.pt\/en\/wp-json\/wp\/v2\/types\/product"}],"wp:featuredmedia":[{"embeddable":true,"href":"https:\/\/hi-fi-spot.pt\/en\/wp-json\/wp\/v2\/media\/3931"}],"wp:attachment":[{"href":"https:\/\/hi-fi-spot.pt\/en\/wp-json\/wp\/v2\/media?parent=3930"}],"wp:term":[{"taxonomy":"pwb-brand","embeddable":true,"href":"https:\/\/hi-fi-spot.pt\/en\/wp-json\/wp\/v2\/pwb-brand?post=3930"},{"taxonomy":"product_cat","embeddable":true,"href":"https:\/\/hi-fi-spot.pt\/en\/wp-json\/wp\/v2\/product_cat?post=3930"},{"taxonomy":"product_tag","embeddable":true,"href":"https:\/\/hi-fi-spot.pt\/en\/wp-json\/wp\/v2\/product_tag?post=3930"}],"curies":[{"name":"wp","href":"https:\/\/api.w.org\/{rel}","templated":true}]}}