{"id":3959,"date":"2024-11-14T15:43:30","date_gmt":"2024-11-14T15:43:30","guid":{"rendered":"https:\/\/hi-fi-spot.pt\/?post_type=product&#038;p=3959"},"modified":"2024-11-14T18:07:31","modified_gmt":"2024-11-14T18:07:31","slug":"prateleira-hi-fi","status":"publish","type":"product","link":"https:\/\/hi-fi-spot.pt\/en\/produto\/prateleira-hi-fi\/","title":{"rendered":"Prateleira HI-FI"},"content":{"rendered":"<p dir=\"auto\" style=\"text-align: left;\">Prateleira HI-FI constru\u00edda a pensar na personaliza\u00e7\u00e3o \u00e0 medida das suas necessidades, com materiais e detalhes ao mais alto n\u00edvel.<\/p>\n<p style=\"text-align: left;\">Contraplacado de b\u00e9tula com 3 cm de espessura + acabamento em folheado de zebrano, sendo que o verniz pode ser escolhido como brilhante ou mate.<\/p>\n<p style=\"text-align: left;\">As dimens\u00f5es de cada prateleira s\u00e3o 60 x 40 cm.<\/p>\n<p dir=\"auto\" style=\"text-align: left;\">A dist\u00e2ncia em altura entre as prateleiras pode ser escolhida em 3 medidas diferenciadas : 27cm, 20cm, 15cm.<\/p>\n<p dir=\"auto\" style=\"text-align: left;\">Os espig\u00f5es (spikes) com afina\u00e7\u00e3o de altura, permitem que as vibra\u00e7\u00f5es sejam reduzidas.<\/p>\n<p dir=\"auto\"><img fetchpriority=\"high\" decoding=\"async\" class=\"alignnone wp-image-3962 size-large\" src=\"https:\/\/hi-fi-spot.pt\/wp-content\/uploads\/2024\/11\/FLYER-prateleira-hi-fi-2-1011x1024.jpg\" alt=\"\" width=\"1011\" height=\"1024\" srcset=\"https:\/\/hi-fi-spot.pt\/wp-content\/uploads\/2024\/11\/FLYER-prateleira-hi-fi-2-1011x1024.jpg 1011w, https:\/\/hi-fi-spot.pt\/wp-content\/uploads\/2024\/11\/FLYER-prateleira-hi-fi-2-296x300.jpg 296w, https:\/\/hi-fi-spot.pt\/wp-content\/uploads\/2024\/11\/FLYER-prateleira-hi-fi-2-768x778.jpg 768w, https:\/\/hi-fi-spot.pt\/wp-content\/uploads\/2024\/11\/FLYER-prateleira-hi-fi-2-1517x1536.jpg 1517w, https:\/\/hi-fi-spot.pt\/wp-content\/uploads\/2024\/11\/FLYER-prateleira-hi-fi-2-600x607.jpg 600w, https:\/\/hi-fi-spot.pt\/wp-content\/uploads\/2024\/11\/FLYER-prateleira-hi-fi-2-100x100.jpg 100w, https:\/\/hi-fi-spot.pt\/wp-content\/uploads\/2024\/11\/FLYER-prateleira-hi-fi-2.jpg 1776w\" sizes=\"(max-width: 1011px) 100vw, 1011px\" \/><\/p>\n<p dir=\"auto\" style=\"text-align: left;\">PRE\u00c7OS :<\/p>\n<div style=\"text-align: left;\">1 Prateleira + respectivos acess\u00f3rios = 220,00 \u20ac<\/div>\n<div><\/div>\n<div style=\"text-align: left;\">2 Prateleiras\u00a0+ respectivos acess\u00f3rios = 400,00 \u20ac<\/div>\n<div><\/div>\n<div style=\"text-align: left;\">Na aquisi\u00e7\u00e3o de 3 ou mais prateleiras, o valor de cada unidade + os respectivos acess\u00f3rios \u00e9 de 185,00 \u20ac.<\/div>\n<div><\/div>\n<div>_<\/div>\n<div style=\"text-align: left;\"><\/div>\n<p dir=\"auto\" style=\"text-align: left;\">VISITE-NOS, OU CONTACTE-NOS PARA SABER MAIS SOBRE ESTAS PRATELEIRAS EXCLUSIVAS NA NOSSA LOJA.<\/p>\n","protected":false},"excerpt":{"rendered":"<p>Prateleira HI-FI constru\u00edda a pensar na personaliza\u00e7\u00e3o \u00e0 medida das suas necessidades, com materiais e detalhes ao mais alto n\u00edvel. Contraplacado de b\u00e9tula com 3 cm de espessura + acabamento em folheado de zebrano, sendo que o verniz pode ser escolhido como brilhante ou mate. As dimens\u00f5es de cada prateleira s\u00e3o 60 x 40 cm. &hellip;<\/p>\n<p class=\"read-more\"> <a class=\"\" href=\"https:\/\/hi-fi-spot.pt\/en\/produto\/prateleira-hi-fi\/\"> <span class=\"screen-reader-text\">Prateleira HI-FI<\/span> Read More &raquo;<\/a><\/p>\n","protected":false},"featured_media":3970,"template":"","meta":{"site-sidebar-layout":"default","site-content-layout":"default","ast-main-header-display":"","ast-hfb-above-header-display":"","ast-hfb-below-header-display":"","ast-hfb-mobile-header-display":"","site-post-title":"","ast-breadcrumbs-content":"","ast-featured-img":"","footer-sml-layout":"","theme-transparent-header-meta":"default","adv-header-id-meta":"","stick-header-meta":"","header-above-stick-meta":"","header-main-stick-meta":"","header-below-stick-meta":""},"pwb-brand":[25],"product_cat":[33,45],"product_tag":[],"class_list":{"0":"post-3959","1":"product","2":"type-product","3":"status-publish","4":"has-post-thumbnail","6":"pwb-brand-outros","7":"product_cat-mobiliario","8":"product_cat-moveis","9":"align-center","10":"box-shadow-0","11":"box-shadow-0-hover","12":"ast-product-gallery-layout-horizontal","13":"ast-product-tabs-layout-horizontal","15":"first","16":"instock","17":"shipping-taxable","18":"product-type-simple"},"brands":[{"id":25,"name":"Outros","slug":"outros"}],"_links":{"self":[{"href":"https:\/\/hi-fi-spot.pt\/en\/wp-json\/wp\/v2\/product\/3959","targetHints":{"allow":["GET"]}}],"collection":[{"href":"https:\/\/hi-fi-spot.pt\/en\/wp-json\/wp\/v2\/product"}],"about":[{"href":"https:\/\/hi-fi-spot.pt\/en\/wp-json\/wp\/v2\/types\/product"}],"wp:featuredmedia":[{"embeddable":true,"href":"https:\/\/hi-fi-spot.pt\/en\/wp-json\/wp\/v2\/media\/3970"}],"wp:attachment":[{"href":"https:\/\/hi-fi-spot.pt\/en\/wp-json\/wp\/v2\/media?parent=3959"}],"wp:term":[{"taxonomy":"pwb-brand","embeddable":true,"href":"https:\/\/hi-fi-spot.pt\/en\/wp-json\/wp\/v2\/pwb-brand?post=3959"},{"taxonomy":"product_cat","embeddable":true,"href":"https:\/\/hi-fi-spot.pt\/en\/wp-json\/wp\/v2\/product_cat?post=3959"},{"taxonomy":"product_tag","embeddable":true,"href":"https:\/\/hi-fi-spot.pt\/en\/wp-json\/wp\/v2\/product_tag?post=3959"}],"curies":[{"name":"wp","href":"https:\/\/api.w.org\/{rel}","templated":true}]}}