{"id":3981,"date":"2025-01-21T10:05:47","date_gmt":"2025-01-21T10:05:47","guid":{"rendered":"https:\/\/hi-fi-spot.pt\/?post_type=product&#038;p=3981"},"modified":"2025-01-21T10:15:33","modified_gmt":"2025-01-21T10:15:33","slug":"scansonic-mb8b","status":"publish","type":"product","link":"https:\/\/hi-fi-spot.pt\/en\/produto\/scansonic-mb8b\/","title":{"rendered":"Scansonic &#8211; MB8B"},"content":{"rendered":"<p style=\"text-align: left;\">As colunas MB8B com aspecto &#8220;maci\u00e7o&#8221; s\u00e3o constitu\u00eddas com n\u00e3o apenas um, mas dois woofers de 8\u201d. Se quiser tocar com SPL elevado ou apenas desfrutar de uma reprodu\u00e7\u00e3o de som de gama completa, as MB8B s\u00e3o exatamente o que precisa. Estas colunas s\u00e3o particularmente adequadas para salas grandes ou aplica\u00e7\u00f5es de cinema em casa. Especialmente com o tweeter de fita no topo, obt\u00e9m todo o brilho da gama alta numa entrega suave e bonita.<\/p>\n<p style=\"text-align: left;\">As colunas s\u00e3o de 3 vias, com uma gama m\u00e9dia e um woofer em fibra de carbono verdadeira que proporciona um desempenho sonoro din\u00e2mico, org\u00e2nico e aut\u00eantico.<\/p>\n<p style=\"text-align: left;\"><strong>Drivers :<\/strong><br \/>\nO tweeter de fita, proporciona um som agudo suave e sedoso, apresentando todos os detalhes de forma cristalina ao mesmo tempo. A folha de Kapton com a bobina de voz integrada tem cerca de 50 vezes menos massa do que um tweeter de c\u00fapula convencional. O resultado \u00e9 uma reprodu\u00e7\u00e3o muito detalhada, mas natural.<\/p>\n<p style=\"text-align: left;\">Os woofers s\u00e3o todos feitos de fibra de carbono tecida moldada numa s\u00f3 pe\u00e7a. S\u00e3o controladores feitos \u00e0 medida, concebidos e desenvolvidos pela equipa de engenharia da Raidho. \u00c9 exatamente o que \u00e9 necess\u00e1rio para acompanhar o tweeter de fita muito r\u00e1pido.<\/p>\n<p style=\"text-align: left;\"><strong>Crossovers :<\/strong><br \/>\nO crossover \u00e9 constru\u00eddo com base no mesmo princ\u00edpio que no mundo da Raidho. Constru\u00eddo para coer\u00eancia, din\u00e2mica e som ao vivo.<\/p>\n<p style=\"text-align: left;\"><strong>Produ\u00e7\u00e3o e design :<\/strong><br \/>\nTodos os produtos s\u00e3o desenhados e constru\u00eddos na Dinamarca, pelas mesmas pessoas que constroem os altifalantes Raidho.<\/p>\n<p style=\"text-align: left;\"><strong>Especifica\u00e7\u00f5es :<\/strong><\/p>\n<ul style=\"text-align: left;\">\n<li>Model: MB8B<\/li>\n<li>Size: mm (WxHxD) 420 x 1440 x 480 mm, including feet.<\/li>\n<li>Enclosure: (WxD)270 x 480<\/li>\n<li>Concept: 3-Way<\/li>\n<li>Frequency response (-6dB): 34Hz-20 kHz<\/li>\n<li>Impedance: 4 Ohm<\/li>\n<li>Sensitivity: 88 dB<\/li>\n<li>Crossover: 400 Hz-2800 Hz<\/li>\n<li>Enclosure: Bass reflex\u20133 ports<\/li>\n<li>Weight: kg 45 kg<\/li>\n<li>Drive units: 1 x Ribbon Tweeter \/ 2x 5,25\u2033 Midrange \/ 2 x 8\u2033 Woofer<\/li>\n<li>Recommended amplification: Min.100 watts<\/li>\n<\/ul>\n<ul style=\"text-align: left;\">\n<li>Finish:<\/li>\n<li><strong>Black High Gloss = 13,000.00 \u20ac<\/strong><\/li>\n<li><strong>Walnut = 15,000.00 \u20ac<\/strong><\/li>\n<\/ul>\n<p style=\"text-align: left;\">\n","protected":false},"excerpt":{"rendered":"<p>.<\/p>\n","protected":false},"featured_media":3982,"template":"","meta":{"site-sidebar-layout":"default","site-content-layout":"default","ast-main-header-display":"","ast-hfb-above-header-display":"","ast-hfb-below-header-display":"","ast-hfb-mobile-header-display":"","site-post-title":"","ast-breadcrumbs-content":"","ast-featured-img":"","footer-sml-layout":"","theme-transparent-header-meta":"default","adv-header-id-meta":"","stick-header-meta":"","header-above-stick-meta":"","header-main-stick-meta":"","header-below-stick-meta":""},"pwb-brand":[18],"product_cat":[31,63],"product_tag":[],"class_list":{"0":"post-3981","1":"product","2":"type-product","3":"status-publish","4":"has-post-thumbnail","6":"pwb-brand-scansonic","7":"product_cat-colunas","8":"product_cat-produtosaudio","9":"align-center","10":"box-shadow-0","11":"box-shadow-0-hover","12":"ast-product-gallery-layout-horizontal","13":"ast-product-tabs-layout-horizontal","15":"first","16":"instock","17":"shipping-taxable","18":"purchasable","19":"product-type-simple"},"brands":[{"id":18,"name":"Scansonic","slug":"scansonic"}],"_links":{"self":[{"href":"https:\/\/hi-fi-spot.pt\/en\/wp-json\/wp\/v2\/product\/3981","targetHints":{"allow":["GET"]}}],"collection":[{"href":"https:\/\/hi-fi-spot.pt\/en\/wp-json\/wp\/v2\/product"}],"about":[{"href":"https:\/\/hi-fi-spot.pt\/en\/wp-json\/wp\/v2\/types\/product"}],"wp:featuredmedia":[{"embeddable":true,"href":"https:\/\/hi-fi-spot.pt\/en\/wp-json\/wp\/v2\/media\/3982"}],"wp:attachment":[{"href":"https:\/\/hi-fi-spot.pt\/en\/wp-json\/wp\/v2\/media?parent=3981"}],"wp:term":[{"taxonomy":"pwb-brand","embeddable":true,"href":"https:\/\/hi-fi-spot.pt\/en\/wp-json\/wp\/v2\/pwb-brand?post=3981"},{"taxonomy":"product_cat","embeddable":true,"href":"https:\/\/hi-fi-spot.pt\/en\/wp-json\/wp\/v2\/product_cat?post=3981"},{"taxonomy":"product_tag","embeddable":true,"href":"https:\/\/hi-fi-spot.pt\/en\/wp-json\/wp\/v2\/product_tag?post=3981"}],"curies":[{"name":"wp","href":"https:\/\/api.w.org\/{rel}","templated":true}]}}