{"id":4013,"date":"2025-01-21T15:50:40","date_gmt":"2025-01-21T15:50:40","guid":{"rendered":"https:\/\/hi-fi-spot.pt\/?post_type=product&#038;p=4013"},"modified":"2026-03-02T16:12:29","modified_gmt":"2026-03-02T16:12:29","slug":"scansonic-q10","status":"publish","type":"product","link":"https:\/\/hi-fi-spot.pt\/en\/produto\/scansonic-q10\/","title":{"rendered":"Scansonic &#8211; Q10"},"content":{"rendered":"<p style=\"text-align: left;\">Estas colunas s\u00e3o particularmente adequadas para salas grandes ou aplica\u00e7\u00f5es de cinema em casa.<br \/>\nCada colunas destas s\u00e3o constitu\u00eddas, com n\u00e3o apenas um, mas dois woofers de 8\u201d. Se quiser tocar com SPL elevado ou apenas desfrutar de uma reprodu\u00e7\u00e3o de som de gama completa, o Q10 \u00e9 exatamente o que precisa. Especialmente com o tweeter de fita no topo, obt\u00e9m todo o brilho da gama alta numa entrega suave e bonita.<\/p>\n<p style=\"text-align: left;\">Estas colunas, de 3 vias, com uma gama m\u00e9dia e um woofer em fibra de carbono verdadeira, proporcionam um desempenho musical din\u00e2mico e org\u00e2nico.<\/p>\n<p style=\"text-align: left;\">A qualidade da caixa \u00e9 espantosa e o encaixe e acabamento s\u00e3o perfeitos. N\u00e3o \u00e9 algo que se veja todos os dias, muito menos a este pre\u00e7o.<\/p>\n<p style=\"text-align: left;\">ESPECIFICA\u00c7\u00d5ES :<\/p>\n<ul style=\"text-align: left;\">\n<li>Size mm (BxHxD) 240 x 1395 x 500 mm<\/li>\n<li>Topology 3-Way<\/li>\n<li>Frequency response (-6dB) 41 Hz \u2013 20 kHz<\/li>\n<li>Impedance 4 Ohm<\/li>\n<li>Sensitivity 88 dB<\/li>\n<li>Crossover 400 Hz \u2013 2800 Hz<\/li>\n<li>Enclosure Bass reflex<\/li>\n<li>Weight kg 37,5 kg<\/li>\n<li>Drive units 1 x Ribbon Tweeter<br \/>\n1 x 5,25\u2033 Midrange<br \/>\n2 x 8\u2033 Woofer<\/li>\n<li>Recommended amplification Min. 50 watts<\/li>\n<\/ul>\n<ul>\n<li style=\"text-align: left;\">Finish :<\/li>\n<li style=\"text-align: left;\">Black High Gloss = <span style=\"color: #ff0000;\">15000.00 \u20ac<\/span><\/li>\n<li style=\"text-align: left;\">Walnut = <span style=\"color: #ff0000;\">17000.00 \u20ac<\/span><\/li>\n<\/ul>\n","protected":false},"excerpt":{"rendered":"<p>.<\/p>\n","protected":false},"featured_media":4014,"template":"","meta":{"site-sidebar-layout":"default","site-content-layout":"default","ast-main-header-display":"","ast-hfb-above-header-display":"","ast-hfb-below-header-display":"","ast-hfb-mobile-header-display":"","site-post-title":"","ast-breadcrumbs-content":"","ast-featured-img":"","footer-sml-layout":"","theme-transparent-header-meta":"default","adv-header-id-meta":"","stick-header-meta":"","header-above-stick-meta":"","header-main-stick-meta":"","header-below-stick-meta":""},"pwb-brand":[18],"product_cat":[31,63],"product_tag":[],"class_list":{"0":"post-4013","1":"product","2":"type-product","3":"status-publish","4":"has-post-thumbnail","6":"pwb-brand-scansonic","7":"product_cat-colunas","8":"product_cat-produtosaudio","9":"align-center","10":"box-shadow-0","11":"box-shadow-0-hover","12":"ast-product-gallery-layout-horizontal","13":"ast-product-tabs-layout-horizontal","15":"first","16":"instock","17":"shipping-taxable","18":"purchasable","19":"product-type-simple"},"brands":[{"id":18,"name":"Scansonic","slug":"scansonic"}],"_links":{"self":[{"href":"https:\/\/hi-fi-spot.pt\/en\/wp-json\/wp\/v2\/product\/4013","targetHints":{"allow":["GET"]}}],"collection":[{"href":"https:\/\/hi-fi-spot.pt\/en\/wp-json\/wp\/v2\/product"}],"about":[{"href":"https:\/\/hi-fi-spot.pt\/en\/wp-json\/wp\/v2\/types\/product"}],"wp:featuredmedia":[{"embeddable":true,"href":"https:\/\/hi-fi-spot.pt\/en\/wp-json\/wp\/v2\/media\/4014"}],"wp:attachment":[{"href":"https:\/\/hi-fi-spot.pt\/en\/wp-json\/wp\/v2\/media?parent=4013"}],"wp:term":[{"taxonomy":"pwb-brand","embeddable":true,"href":"https:\/\/hi-fi-spot.pt\/en\/wp-json\/wp\/v2\/pwb-brand?post=4013"},{"taxonomy":"product_cat","embeddable":true,"href":"https:\/\/hi-fi-spot.pt\/en\/wp-json\/wp\/v2\/product_cat?post=4013"},{"taxonomy":"product_tag","embeddable":true,"href":"https:\/\/hi-fi-spot.pt\/en\/wp-json\/wp\/v2\/product_tag?post=4013"}],"curies":[{"name":"wp","href":"https:\/\/api.w.org\/{rel}","templated":true}]}}