{"id":4026,"date":"2025-01-21T17:32:15","date_gmt":"2025-01-21T17:32:15","guid":{"rendered":"https:\/\/hi-fi-spot.pt\/?post_type=product&#038;p=4026"},"modified":"2025-01-21T18:17:34","modified_gmt":"2025-01-21T18:17:34","slug":"scansonic-q3","status":"publish","type":"product","link":"https:\/\/hi-fi-spot.pt\/en\/produto\/scansonic-q3\/","title":{"rendered":"Scansonic &#8211; Q3"},"content":{"rendered":"<p style=\"text-align: left;\">A Q3 \u00e9 uma coluna de ch\u00e3o fina com dois altifalantes de 5,25\u201d com cones de carbono e um tweeter de fita selado. O modelo Q3 \u00e9 um altifalante de 2,5 vias com o segundo woofer a ajudar na regi\u00e3o dos graves, que exige muita pot\u00eancia. N\u00e3o subestime o desempenho dos graves desta elegante coluna de ch\u00e3o: Tem uma base s\u00f3lida e soa muito melhor do que parece.<\/p>\n<p style=\"text-align: left;\">O Q3 \u00e9 um altifalante de 2,5 vias, o que torna o som incrivelmente coerente. \u00c9 verdadeiramente um prazer ouvi-lo.<br \/>\nO tweeter de fita inspirado no Raidho \u00e9 uma carater\u00edstica fant\u00e1stica para a classe de pre\u00e7o. Trazendo um verdadeiro brilho de alta qualidade a este altifalante elegante e bonito.<\/p>\n<p style=\"text-align: left;\">A qualidade da caixa \u00e9 espantosa e o encaixe e acabamento s\u00e3o perfeitos. N\u00e3o \u00e9 algo que se veja todos os dias, muito menos a este pre\u00e7o.<\/p>\n<p style=\"text-align: left;\">ESPECIFICA\u00c7\u00d5ES :<\/p>\n<ul style=\"text-align: left;\">\n<li>Size mm (BxHxD) 170 x 1000 x 395 mm<\/li>\n<li>Topology 2,5-Way<\/li>\n<li>Frequency response (-6dB) 52 Hz \u2013 20 kHz<\/li>\n<li>Impedance 6 Ohm<\/li>\n<li>Sensitivity 86 dB<\/li>\n<li>Crossover 285 Hz \u2013 2600 Hz<\/li>\n<li>Enclosure Bass reflex<\/li>\n<li>Weight kg 20,5 kg<\/li>\n<li>Drive units 1 x Ribbon Tweeter<\/li>\n<li>1 x 5,25\u2033 Mid\/Woofer<\/li>\n<li>1 x 5,25\u2033 Woofer<\/li>\n<li>Recommended amplification Min. 50 watts<\/li>\n<\/ul>\n<p style=\"text-align: left;\">\n<ul style=\"text-align: left;\">\n<li>Finish :<\/li>\n<li>Black High Gloss = 7000.00 \u20ac<\/li>\n<li>Walnut = 8000.00 \u20ac<\/li>\n<\/ul>\n<p style=\"text-align: left;\">\n","protected":false},"excerpt":{"rendered":"<p>.<\/p>\n","protected":false},"featured_media":4027,"template":"","meta":{"site-sidebar-layout":"default","site-content-layout":"default","ast-main-header-display":"","ast-hfb-above-header-display":"","ast-hfb-below-header-display":"","ast-hfb-mobile-header-display":"","site-post-title":"","ast-breadcrumbs-content":"","ast-featured-img":"","footer-sml-layout":"","theme-transparent-header-meta":"default","adv-header-id-meta":"","stick-header-meta":"","header-above-stick-meta":"","header-main-stick-meta":"","header-below-stick-meta":""},"pwb-brand":[185,184,18],"product_cat":[31,63],"product_tag":[],"class_list":{"0":"post-4026","1":"product","2":"type-product","3":"status-publish","4":"has-post-thumbnail","6":"pwb-brand-leema-elements","7":"pwb-brand-melody","8":"pwb-brand-scansonic","9":"product_cat-colunas","10":"product_cat-produtosaudio","11":"align-center","12":"box-shadow-0","13":"box-shadow-0-hover","14":"ast-product-gallery-layout-horizontal","15":"ast-product-tabs-layout-horizontal","17":"first","18":"instock","19":"shipping-taxable","20":"purchasable","21":"product-type-simple"},"brands":[{"id":185,"name":"Leema Elements","slug":"leema-elements"},{"id":184,"name":"Melody","slug":"melody"},{"id":18,"name":"Scansonic","slug":"scansonic"}],"_links":{"self":[{"href":"https:\/\/hi-fi-spot.pt\/en\/wp-json\/wp\/v2\/product\/4026","targetHints":{"allow":["GET"]}}],"collection":[{"href":"https:\/\/hi-fi-spot.pt\/en\/wp-json\/wp\/v2\/product"}],"about":[{"href":"https:\/\/hi-fi-spot.pt\/en\/wp-json\/wp\/v2\/types\/product"}],"wp:featuredmedia":[{"embeddable":true,"href":"https:\/\/hi-fi-spot.pt\/en\/wp-json\/wp\/v2\/media\/4027"}],"wp:attachment":[{"href":"https:\/\/hi-fi-spot.pt\/en\/wp-json\/wp\/v2\/media?parent=4026"}],"wp:term":[{"taxonomy":"pwb-brand","embeddable":true,"href":"https:\/\/hi-fi-spot.pt\/en\/wp-json\/wp\/v2\/pwb-brand?post=4026"},{"taxonomy":"product_cat","embeddable":true,"href":"https:\/\/hi-fi-spot.pt\/en\/wp-json\/wp\/v2\/product_cat?post=4026"},{"taxonomy":"product_tag","embeddable":true,"href":"https:\/\/hi-fi-spot.pt\/en\/wp-json\/wp\/v2\/product_tag?post=4026"}],"curies":[{"name":"wp","href":"https:\/\/api.w.org\/{rel}","templated":true}]}}