{"id":4116,"date":"2025-07-07T14:52:54","date_gmt":"2025-07-07T14:52:54","guid":{"rendered":"https:\/\/hi-fi-spot.pt\/?post_type=product&#038;p=4116"},"modified":"2025-07-08T09:25:30","modified_gmt":"2025-07-08T09:25:30","slug":"yamaha-cd-s2000","status":"publish","type":"product","link":"https:\/\/hi-fi-spot.pt\/en\/produto\/yamaha-cd-s2000\/","title":{"rendered":"Yamaha CD-S2000"},"content":{"rendered":"<p style=\"text-align: left;\"><strong>Yamaha CD-S2000<\/strong><\/p>\n<div class=\"p-text\" style=\"text-align: left;\">\n<p class=\"c-text\">Yamaha criou um leitor de CD&#8217;s de alt\u00edssima qualidade para verdadeiros entusiastas da m\u00fasica.<\/p>\n<\/div>\n<div class=\"p-list-more js-list-more\" style=\"text-align: left;\">\n<ul class=\"c-list p-list-more__body\">\n<li class=\"c-list__item js-list-more__item\">A transmiss\u00e3o de sinal balanceado em est\u00e1gio completo atinge o m\u00e1ximo em reprodu\u00e7\u00e3o de CD;<\/li>\n<li class=\"c-list__item js-list-more__item\">A transmiss\u00e3o de sinal balanceado em est\u00e1gio completo come\u00e7a no DAC;<\/li>\n<li class=\"c-list__item js-list-more__item\">Fontes de alimenta\u00e7\u00e3o independentes com se\u00e7\u00f5es digitais e anal\u00f3gicas completamente separadas;<\/li>\n<li class=\"c-list__item js-list-more__item\">Mecanismo de carregamento exclusivo Yamaha com sil\u00eancio superior e unidade de CD de alta precis\u00e3o;<\/li>\n<li class=\"c-list__item js-list-more__item\">Constru\u00e7\u00e3o resistente;<\/li>\n<li class=\"c-list__item js-list-more__item\">Puro Direto<\/li>\n<li class=\"c-list__item js-list-more__item\">Leitura de Super Audio CDs<\/li>\n<\/ul>\n<\/div>\n<p style=\"text-align: left;\">A condi\u00e7\u00e3o cosm\u00e9tica deste aparelho \u00e9 como se pode ver nas fotos e encontra-se em excelente qualidade a tocar.<\/p>\n<p style=\"text-align: left;\"><strong>Temos outro modelo nas mesmas condi\u00e7\u00f5es, mas na vers\u00e3o em preto.<\/strong><\/p>\n<p style=\"text-align: left;\">Contacte-nos para mais esclarecimentos.<\/p>\n<p>&nbsp;<\/p>\n<p>&nbsp;<\/p>\n","protected":false},"excerpt":{"rendered":"<p>Yamaha CD-S2000 Yamaha criou um leitor de CD&#8217;s de alt\u00edssima qualidade para verdadeiros entusiastas da m\u00fasica. A transmiss\u00e3o de sinal balanceado em est\u00e1gio completo atinge o m\u00e1ximo em reprodu\u00e7\u00e3o de CD; A transmiss\u00e3o de sinal balanceado em est\u00e1gio completo come\u00e7a no DAC; Fontes de alimenta\u00e7\u00e3o independentes com se\u00e7\u00f5es digitais e anal\u00f3gicas completamente separadas; Mecanismo de &hellip;<\/p>\n<p class=\"read-more\"> <a class=\"\" href=\"https:\/\/hi-fi-spot.pt\/en\/produto\/yamaha-cd-s2000\/\"> <span class=\"screen-reader-text\">Yamaha CD-S2000<\/span> Read More &raquo;<\/a><\/p>\n","protected":false},"featured_media":4129,"template":"","meta":{"site-sidebar-layout":"default","site-content-layout":"default","ast-main-header-display":"","ast-hfb-above-header-display":"","ast-hfb-below-header-display":"","ast-hfb-mobile-header-display":"","site-post-title":"","ast-breadcrumbs-content":"","ast-featured-img":"","footer-sml-layout":"","theme-transparent-header-meta":"default","adv-header-id-meta":"","stick-header-meta":"","header-above-stick-meta":"","header-main-stick-meta":"","header-below-stick-meta":""},"pwb-brand":[137],"product_cat":[53,64,51],"product_tag":[],"class_list":{"0":"post-4116","1":"product","2":"type-product","3":"status-publish","4":"has-post-thumbnail","6":"pwb-brand-yamaha","7":"product_cat-varios-usados","8":"product_cat-usados-ex-demo","9":"product_cat-usados-vintage","10":"align-center","11":"box-shadow-0","12":"box-shadow-0-hover","13":"ast-product-gallery-layout-horizontal","14":"ast-product-tabs-layout-horizontal","16":"first","17":"instock","18":"shipping-taxable","19":"purchasable","20":"product-type-simple"},"brands":[{"id":137,"name":"Yamaha","slug":"yamaha"}],"_links":{"self":[{"href":"https:\/\/hi-fi-spot.pt\/en\/wp-json\/wp\/v2\/product\/4116","targetHints":{"allow":["GET"]}}],"collection":[{"href":"https:\/\/hi-fi-spot.pt\/en\/wp-json\/wp\/v2\/product"}],"about":[{"href":"https:\/\/hi-fi-spot.pt\/en\/wp-json\/wp\/v2\/types\/product"}],"wp:featuredmedia":[{"embeddable":true,"href":"https:\/\/hi-fi-spot.pt\/en\/wp-json\/wp\/v2\/media\/4129"}],"wp:attachment":[{"href":"https:\/\/hi-fi-spot.pt\/en\/wp-json\/wp\/v2\/media?parent=4116"}],"wp:term":[{"taxonomy":"pwb-brand","embeddable":true,"href":"https:\/\/hi-fi-spot.pt\/en\/wp-json\/wp\/v2\/pwb-brand?post=4116"},{"taxonomy":"product_cat","embeddable":true,"href":"https:\/\/hi-fi-spot.pt\/en\/wp-json\/wp\/v2\/product_cat?post=4116"},{"taxonomy":"product_tag","embeddable":true,"href":"https:\/\/hi-fi-spot.pt\/en\/wp-json\/wp\/v2\/product_tag?post=4116"}],"curies":[{"name":"wp","href":"https:\/\/api.w.org\/{rel}","templated":true}]}}