{"id":4153,"date":"2025-07-14T14:49:34","date_gmt":"2025-07-14T14:49:34","guid":{"rendered":"https:\/\/hi-fi-spot.pt\/?post_type=product&#038;p=4153"},"modified":"2025-12-03T22:00:39","modified_gmt":"2025-12-03T22:00:39","slug":"triode-junone-845s-integrated-amplifier","status":"publish","type":"product","link":"https:\/\/hi-fi-spot.pt\/en\/produto\/triode-junone-845s-integrated-amplifier\/","title":{"rendered":"Triode JUNONE 845S Integrated Amplifier"},"content":{"rendered":"<p><strong>Amplificador integrado JUNONE 845S<\/strong><br \/>\nAmplificador integrado de termina\u00e7\u00e3o \u00fanica classe A 845<\/p>\n<table class=\"product-intro-table\">\n<tbody>\n<tr>\n<td class=\"theme\">Circuit system<\/td>\n<td>845 class-A single ended integrated amplifier<\/td>\n<\/tr>\n<tr>\n<td class=\"theme\">Tubes<\/td>\n<td>845 x 2, PSVANE WE300B x 2, 12AU7 x 4<\/td>\n<\/tr>\n<tr>\n<td class=\"theme\">Bias<\/td>\n<td>Fixed bias, adjustable with bias meter<\/td>\n<\/tr>\n<tr>\n<td class=\"theme\">Output power<\/td>\n<td>22W+22W at 8 ohms<\/td>\n<\/tr>\n<tr>\n<td class=\"theme\">Frequency response<\/td>\n<td>16Hz-36kHz(-3dB)<\/td>\n<\/tr>\n<tr>\n<td class=\"theme\">S\/N ratio<\/td>\n<td>85dB<\/td>\n<\/tr>\n<tr>\n<td class=\"theme\">Input terminals<\/td>\n<td>RCA unbalanced x 5(LINE1-4, MAIN IN x 1)<\/td>\n<\/tr>\n<tr>\n<td class=\"theme\">Input sensitivity<\/td>\n<td>LINE 410mV, MAIN IN 1.0V<\/td>\n<\/tr>\n<tr>\n<td class=\"theme\">Input impedance<\/td>\n<td>LINE 20k\u03a9, MAIN IN 220k\u03a9<\/td>\n<\/tr>\n<tr>\n<td class=\"theme\">Speaker output terminals<\/td>\n<td>4\uff5e8 ohms<\/td>\n<\/tr>\n<tr>\n<td class=\"theme\">Equipped components<\/td>\n<td>High quality speaker terminal<\/td>\n<\/tr>\n<tr>\n<td class=\"theme\">Other functions<\/td>\n<td>Remote control (Volume , Mute, Input selector, Power on\/off)<br \/>\nBias adjuster with bias meter<br \/>\nHam balancer volume<\/td>\n<\/tr>\n<tr>\n<td class=\"theme\">Power consumption<\/td>\n<td>350W<\/td>\n<\/tr>\n<tr>\n<td class=\"theme\">Dimensions<\/td>\n<td>W450 x D490 x H300mm (Packing dimensions W600 x D650 x H540mm)<\/td>\n<\/tr>\n<tr>\n<td class=\"theme\">Weight<\/td>\n<td>55.0kg (Packing weight 64.0kg)<\/td>\n<\/tr>\n<tr>\n<td class=\"theme\">Accessories<\/td>\n<td>Tube cover, Remote control<\/td>\n<\/tr>\n<\/tbody>\n<\/table>\n","protected":false},"excerpt":{"rendered":"<p>Amplificador integrado JUNONE 845S Amplificador integrado de termina\u00e7\u00e3o \u00fanica classe A 845 Circuit system 845 class-A single ended integrated amplifier Tubes 845 x 2, PSVANE WE300B x 2, 12AU7 x 4 Bias Fixed bias, adjustable with bias meter Output power 22W+22W at 8 ohms Frequency response 16Hz-36kHz(-3dB) S\/N ratio 85dB Input terminals RCA unbalanced x &hellip;<\/p>\n<p class=\"read-more\"> <a class=\"\" href=\"https:\/\/hi-fi-spot.pt\/en\/produto\/triode-junone-845s-integrated-amplifier\/\"> <span class=\"screen-reader-text\">Triode JUNONE 845S Integrated Amplifier<\/span> Read More &raquo;<\/a><\/p>\n","protected":false},"featured_media":4158,"template":"","meta":{"site-sidebar-layout":"default","site-content-layout":"default","ast-main-header-display":"","ast-hfb-above-header-display":"","ast-hfb-below-header-display":"","ast-hfb-mobile-header-display":"","site-post-title":"","ast-breadcrumbs-content":"","ast-featured-img":"","footer-sml-layout":"","theme-transparent-header-meta":"default","adv-header-id-meta":"","stick-header-meta":"","header-above-stick-meta":"","header-main-stick-meta":"","header-below-stick-meta":""},"pwb-brand":[177],"product_cat":[26,36,63],"product_tag":[],"class_list":{"0":"post-4153","1":"product","2":"type-product","3":"status-publish","4":"has-post-thumbnail","6":"pwb-brand-triode","7":"product_cat-amplificadores","8":"product_cat-integrados","9":"product_cat-produtosaudio","10":"align-center","11":"box-shadow-0","12":"box-shadow-0-hover","13":"ast-product-gallery-layout-horizontal","14":"ast-product-tabs-layout-horizontal","16":"first","17":"onbackorder","18":"shipping-taxable","19":"purchasable","20":"product-type-simple"},"brands":[{"id":177,"name":"Triode","slug":"triode"}],"_links":{"self":[{"href":"https:\/\/hi-fi-spot.pt\/en\/wp-json\/wp\/v2\/product\/4153","targetHints":{"allow":["GET"]}}],"collection":[{"href":"https:\/\/hi-fi-spot.pt\/en\/wp-json\/wp\/v2\/product"}],"about":[{"href":"https:\/\/hi-fi-spot.pt\/en\/wp-json\/wp\/v2\/types\/product"}],"wp:featuredmedia":[{"embeddable":true,"href":"https:\/\/hi-fi-spot.pt\/en\/wp-json\/wp\/v2\/media\/4158"}],"wp:attachment":[{"href":"https:\/\/hi-fi-spot.pt\/en\/wp-json\/wp\/v2\/media?parent=4153"}],"wp:term":[{"taxonomy":"pwb-brand","embeddable":true,"href":"https:\/\/hi-fi-spot.pt\/en\/wp-json\/wp\/v2\/pwb-brand?post=4153"},{"taxonomy":"product_cat","embeddable":true,"href":"https:\/\/hi-fi-spot.pt\/en\/wp-json\/wp\/v2\/product_cat?post=4153"},{"taxonomy":"product_tag","embeddable":true,"href":"https:\/\/hi-fi-spot.pt\/en\/wp-json\/wp\/v2\/product_tag?post=4153"}],"curies":[{"name":"wp","href":"https:\/\/api.w.org\/{rel}","templated":true}]}}