{"id":4163,"date":"2025-07-21T09:55:16","date_gmt":"2025-07-21T09:55:16","guid":{"rendered":"https:\/\/hi-fi-spot.pt\/?post_type=product&#038;p=4163"},"modified":"2025-07-21T09:55:17","modified_gmt":"2025-07-21T09:55:17","slug":"triangle-celius-202","status":"publish","type":"product","link":"https:\/\/hi-fi-spot.pt\/en\/produto\/triangle-celius-202\/","title":{"rendered":"Triangle &#8211; Celius 202"},"content":{"rendered":"<p>Colunas\u00a0<strong>Triangle &#8211; Celius 202<\/strong>, a tocarem muito bem, e em \u00f3ptimo estado cosm\u00e9tico, conforme as fotografias as apresentam.<\/p>\n<p>INFORMA\u00c7\u00c3O :<br \/>\nO fabricante especifica uma pot\u00eancia de at\u00e9 120W RMS, com picos de at\u00e9 240W. A carga parece ser f\u00e1cil para qualquer amplificador digno desse nome &#8211; o m\u00ednimo na curva de imped\u00e2ncia toca 5 Ohms, enquanto a imped\u00e2ncia nominal \u00e9 de 8 Ohms.<br \/>\nO par de woofers de 16 cm (Triangle T16 DR110C) assegura uma resposta alargada de 45 Hz a cerca de 400 Hz. Um driver de cone de papel com uma suspens\u00e3o de membrana dopada e de tamanho bastante generoso (Triangle T16 PP122o) toma conta da gama desde o limite dos woofers at\u00e9 4 kHz, para al\u00e9m do qual um tweeter cl\u00e1ssico assume o controlo &#8211; o Triangle TZ202 &#8211; comum a toda a s\u00e9rie &#8220;Espace&#8221;.<br \/>\nComo seria de esperar, conhecendo os produtos deste fabricante franc\u00eas, a efici\u00eancia do sistema \u00e9 bastante elevada, sendo de 92 dB(1m\/1W) &#8211; uma vantagem quando associado a amplificadores de baixa pot\u00eancia.<\/p>\n<p>\u2026<\/p>\n<p>Estas e outras colunas, e ainda outros equipamentos podem ser escutadas em Pombal, no Edif\u00edcio T\u00e9cnimusica.<\/p>\n","protected":false},"excerpt":{"rendered":"<p>Colunas\u00a0Triangle &#8211; Celius 202, a tocarem muito bem, e em \u00f3ptimo estado cosm\u00e9tico, conforme as fotografias as apresentam. INFORMA\u00c7\u00c3O : O fabricante especifica uma pot\u00eancia de at\u00e9 120W RMS, com picos de at\u00e9 240W. A carga parece ser f\u00e1cil para qualquer amplificador digno desse nome &#8211; o m\u00ednimo na curva de imped\u00e2ncia toca 5 Ohms, &hellip;<\/p>\n<p class=\"read-more\"> <a class=\"\" href=\"https:\/\/hi-fi-spot.pt\/en\/produto\/triangle-celius-202\/\"> <span class=\"screen-reader-text\">Triangle &#8211; Celius 202<\/span> Read More &raquo;<\/a><\/p>\n","protected":false},"featured_media":4182,"template":"","meta":{"site-sidebar-layout":"default","site-content-layout":"default","ast-main-header-display":"","ast-hfb-above-header-display":"","ast-hfb-below-header-display":"","ast-hfb-mobile-header-display":"","site-post-title":"","ast-breadcrumbs-content":"","ast-featured-img":"","footer-sml-layout":"","theme-transparent-header-meta":"default","adv-header-id-meta":"","stick-header-meta":"","header-above-stick-meta":"","header-main-stick-meta":"","header-below-stick-meta":""},"pwb-brand":[160],"product_cat":[56,64,51],"product_tag":[],"class_list":{"0":"post-4163","1":"product","2":"type-product","3":"status-publish","4":"has-post-thumbnail","6":"pwb-brand-triangle","7":"product_cat-colunas-outros-usados","8":"product_cat-usados-ex-demo","9":"product_cat-usados-vintage","10":"align-center","11":"box-shadow-0","12":"box-shadow-0-hover","13":"ast-product-gallery-layout-horizontal","14":"ast-product-tabs-layout-horizontal","16":"first","17":"instock","18":"shipping-taxable","19":"purchasable","20":"product-type-simple"},"brands":[{"id":160,"name":"Triangle","slug":"triangle"}],"_links":{"self":[{"href":"https:\/\/hi-fi-spot.pt\/en\/wp-json\/wp\/v2\/product\/4163","targetHints":{"allow":["GET"]}}],"collection":[{"href":"https:\/\/hi-fi-spot.pt\/en\/wp-json\/wp\/v2\/product"}],"about":[{"href":"https:\/\/hi-fi-spot.pt\/en\/wp-json\/wp\/v2\/types\/product"}],"wp:featuredmedia":[{"embeddable":true,"href":"https:\/\/hi-fi-spot.pt\/en\/wp-json\/wp\/v2\/media\/4182"}],"wp:attachment":[{"href":"https:\/\/hi-fi-spot.pt\/en\/wp-json\/wp\/v2\/media?parent=4163"}],"wp:term":[{"taxonomy":"pwb-brand","embeddable":true,"href":"https:\/\/hi-fi-spot.pt\/en\/wp-json\/wp\/v2\/pwb-brand?post=4163"},{"taxonomy":"product_cat","embeddable":true,"href":"https:\/\/hi-fi-spot.pt\/en\/wp-json\/wp\/v2\/product_cat?post=4163"},{"taxonomy":"product_tag","embeddable":true,"href":"https:\/\/hi-fi-spot.pt\/en\/wp-json\/wp\/v2\/product_tag?post=4163"}],"curies":[{"name":"wp","href":"https:\/\/api.w.org\/{rel}","templated":true}]}}