{"id":4193,"date":"2025-11-04T12:30:09","date_gmt":"2025-11-04T12:30:09","guid":{"rendered":"https:\/\/hi-fi-spot.pt\/?post_type=product&#038;p=4193"},"modified":"2026-02-27T11:59:15","modified_gmt":"2026-02-27T11:59:15","slug":"cary-audio-dms-300a","status":"publish","type":"product","link":"https:\/\/hi-fi-spot.pt\/en\/produto\/cary-audio-dms-300a\/","title":{"rendered":"Cary-Audio DMS-300A"},"content":{"rendered":"<p dir=\"auto\" style=\"text-align: left;\"><span style=\"color: #000000;\">Cary-Audio,\u00a0 o modelo DMS-300A \u00e9<\/span><span style=\"color: #000000;\">\u00a0um amplificador solid-state de classe AB de 75W por canal, com streamer de excelente reprodu\u00e7\u00e3o musical.<\/span><\/p>\n<p style=\"text-align: left;\"><span style=\"color: #000000;\">A simplicidade na utiliza\u00e7\u00e3o, a est\u00e9tica vintage e ao mesmo tempo moderna, aliada \u00e0 qualidade na reprodu\u00e7\u00e3o musical, foram os requisitos durante o desenvolvimento deste modelo. Imagine s\u00f3<\/span><span style=\"color: #000000;\"> precisar de ligar um par de colunas e respectivos cabos na sua sala.<\/span><\/p>\n<p style=\"text-align: left;\"><span style=\"color: #000000;\">Para n\u00f3s n\u00e3o \u00e9 novidade que a Cary-Audio tem desenvolvido h\u00e1 v\u00e1rios anos, streamer&#8217;s de alt\u00edssima qualidade, quer na concep\u00e7\u00e3o dos circuitos e na utiliza\u00e7\u00e3o dos melhores componentes.<\/span><\/p>\n<div dir=\"auto\" style=\"text-align: left;\"><img fetchpriority=\"high\" decoding=\"async\" class=\"alignleft wp-image-4322 size-full\" src=\"https:\/\/hi-fi-spot.pt\/wp-content\/uploads\/2025\/11\/DMS-300A_silver_lifestyle.jpg\" alt=\"\" width=\"940\" height=\"450\" srcset=\"https:\/\/hi-fi-spot.pt\/wp-content\/uploads\/2025\/11\/DMS-300A_silver_lifestyle.jpg 940w, https:\/\/hi-fi-spot.pt\/wp-content\/uploads\/2025\/11\/DMS-300A_silver_lifestyle-300x144.jpg 300w, https:\/\/hi-fi-spot.pt\/wp-content\/uploads\/2025\/11\/DMS-300A_silver_lifestyle-768x368.jpg 768w, https:\/\/hi-fi-spot.pt\/wp-content\/uploads\/2025\/11\/DMS-300A_silver_lifestyle-600x287.jpg 600w\" sizes=\"(max-width: 940px) 100vw, 940px\" \/><\/div>\n<p dir=\"ltr\" tabindex=\"-1\" role=\"text\" data-placeholder=\"Tradu\u00e7\u00e3o\" data-ved=\"2ahUKEwiypeOjntiQAxUBcfEDHRMrAZsQ3ewLegQIDBAV\" aria-label=\"Texto traduzido: O DMS-300A re\u00fane o melhor de dois mundos: tecnologia de streaming e amplifica\u00e7\u00e3o de alto desempenho, tudo em um pacote elegante e potente. Com um amplificador discreto Classe AB de 75 watts por canal, o DMS-300A oferece o som rico e din\u00e2mico pelo qual a Cary Audio \u00e9 conhecida, com a conveni\u00eancia moderna das principais plataformas de streaming da atualidade. Transmita suas m\u00fasicas favoritas com facilidade via Qobuz Connect, TIDAL Connect, Spotify Connect, AirPlay e Bluetooth, ou assuma o controle total da sua biblioteca digital com a compatibilidade com Roon Ready e UPnP\/DLNA. Seja por Wi-Fi ou Ethernet, o DMS-300A garante reprodu\u00e7\u00e3o confi\u00e1vel e de alta resolu\u00e7\u00e3o sempre. Com um conjunto completo de entradas e sa\u00eddas digitais e anal\u00f3gicas, o DMS-300A se integra perfeitamente a qualquer sistema, seja voc\u00ea montando um novo ou atualizando sua configura\u00e7\u00e3o existente.\">\n<p dir=\"ltr\" tabindex=\"-1\" role=\"text\" data-placeholder=\"Tradu\u00e7\u00e3o\" data-ved=\"2ahUKEwiypeOjntiQAxUBcfEDHRMrAZsQ3ewLegQIDBAV\" aria-label=\"Texto traduzido: O DMS-300A re\u00fane o melhor de dois mundos: tecnologia de streaming e amplifica\u00e7\u00e3o de alto desempenho, tudo em um pacote elegante e potente. Com um amplificador discreto Classe AB de 75 watts por canal, o DMS-300A oferece o som rico e din\u00e2mico pelo qual a Cary Audio \u00e9 conhecida, com a conveni\u00eancia moderna das principais plataformas de streaming da atualidade. Transmita suas m\u00fasicas favoritas com facilidade via Qobuz Connect, TIDAL Connect, Spotify Connect, AirPlay e Bluetooth, ou assuma o controle total da sua biblioteca digital com a compatibilidade com Roon Ready e UPnP\/DLNA. Seja por Wi-Fi ou Ethernet, o DMS-300A garante reprodu\u00e7\u00e3o confi\u00e1vel e de alta resolu\u00e7\u00e3o sempre. Com um conjunto completo de entradas e sa\u00eddas digitais e anal\u00f3gicas, o DMS-300A se integra perfeitamente a qualquer sistema, seja voc\u00ea montando um novo ou atualizando sua configura\u00e7\u00e3o existente.\">\n<p dir=\"ltr\" tabindex=\"-1\" role=\"text\" data-placeholder=\"Tradu\u00e7\u00e3o\" data-ved=\"2ahUKEwiypeOjntiQAxUBcfEDHRMrAZsQ3ewLegQIDBAV\" aria-label=\"Texto traduzido: O DMS-300A re\u00fane o melhor de dois mundos: tecnologia de streaming e amplifica\u00e7\u00e3o de alto desempenho, tudo em um pacote elegante e potente. Com um amplificador discreto Classe AB de 75 watts por canal, o DMS-300A oferece o som rico e din\u00e2mico pelo qual a Cary Audio \u00e9 conhecida, com a conveni\u00eancia moderna das principais plataformas de streaming da atualidade. Transmita suas m\u00fasicas favoritas com facilidade via Qobuz Connect, TIDAL Connect, Spotify Connect, AirPlay e Bluetooth, ou assuma o controle total da sua biblioteca digital com a compatibilidade com Roon Ready e UPnP\/DLNA. Seja por Wi-Fi ou Ethernet, o DMS-300A garante reprodu\u00e7\u00e3o confi\u00e1vel e de alta resolu\u00e7\u00e3o sempre. Com um conjunto completo de entradas e sa\u00eddas digitais e anal\u00f3gicas, o DMS-300A se integra perfeitamente a qualquer sistema, seja voc\u00ea montando um novo ou atualizando sua configura\u00e7\u00e3o existente.\">\n<p dir=\"ltr\" tabindex=\"-1\" role=\"text\" data-placeholder=\"Tradu\u00e7\u00e3o\" data-ved=\"2ahUKEwiypeOjntiQAxUBcfEDHRMrAZsQ3ewLegQIDBAV\" aria-label=\"Texto traduzido: O DMS-300A re\u00fane o melhor de dois mundos: tecnologia de streaming e amplifica\u00e7\u00e3o de alto desempenho, tudo em um pacote elegante e potente. Com um amplificador discreto Classe AB de 75 watts por canal, o DMS-300A oferece o som rico e din\u00e2mico pelo qual a Cary Audio \u00e9 conhecida, com a conveni\u00eancia moderna das principais plataformas de streaming da atualidade. Transmita suas m\u00fasicas favoritas com facilidade via Qobuz Connect, TIDAL Connect, Spotify Connect, AirPlay e Bluetooth, ou assuma o controle total da sua biblioteca digital com a compatibilidade com Roon Ready e UPnP\/DLNA. Seja por Wi-Fi ou Ethernet, o DMS-300A garante reprodu\u00e7\u00e3o confi\u00e1vel e de alta resolu\u00e7\u00e3o sempre. Com um conjunto completo de entradas e sa\u00eddas digitais e anal\u00f3gicas, o DMS-300A se integra perfeitamente a qualquer sistema, seja voc\u00ea montando um novo ou atualizando sua configura\u00e7\u00e3o existente.\">\n<p dir=\"ltr\" tabindex=\"-1\" role=\"text\" data-placeholder=\"Tradu\u00e7\u00e3o\" data-ved=\"2ahUKEwiypeOjntiQAxUBcfEDHRMrAZsQ3ewLegQIDBAV\" aria-label=\"Texto traduzido: O DMS-300A re\u00fane o melhor de dois mundos: tecnologia de streaming e amplifica\u00e7\u00e3o de alto desempenho, tudo em um pacote elegante e potente. Com um amplificador discreto Classe AB de 75 watts por canal, o DMS-300A oferece o som rico e din\u00e2mico pelo qual a Cary Audio \u00e9 conhecida, com a conveni\u00eancia moderna das principais plataformas de streaming da atualidade. Transmita suas m\u00fasicas favoritas com facilidade via Qobuz Connect, TIDAL Connect, Spotify Connect, AirPlay e Bluetooth, ou assuma o controle total da sua biblioteca digital com a compatibilidade com Roon Ready e UPnP\/DLNA. Seja por Wi-Fi ou Ethernet, o DMS-300A garante reprodu\u00e7\u00e3o confi\u00e1vel e de alta resolu\u00e7\u00e3o sempre. Com um conjunto completo de entradas e sa\u00eddas digitais e anal\u00f3gicas, o DMS-300A se integra perfeitamente a qualquer sistema, seja voc\u00ea montando um novo ou atualizando sua configura\u00e7\u00e3o existente.\">\n<p dir=\"ltr\" tabindex=\"-1\" role=\"text\" data-placeholder=\"Tradu\u00e7\u00e3o\" data-ved=\"2ahUKEwiypeOjntiQAxUBcfEDHRMrAZsQ3ewLegQIDBAV\" aria-label=\"Texto traduzido: O DMS-300A re\u00fane o melhor de dois mundos: tecnologia de streaming e amplifica\u00e7\u00e3o de alto desempenho, tudo em um pacote elegante e potente. Com um amplificador discreto Classe AB de 75 watts por canal, o DMS-300A oferece o som rico e din\u00e2mico pelo qual a Cary Audio \u00e9 conhecida, com a conveni\u00eancia moderna das principais plataformas de streaming da atualidade. Transmita suas m\u00fasicas favoritas com facilidade via Qobuz Connect, TIDAL Connect, Spotify Connect, AirPlay e Bluetooth, ou assuma o controle total da sua biblioteca digital com a compatibilidade com Roon Ready e UPnP\/DLNA. Seja por Wi-Fi ou Ethernet, o DMS-300A garante reprodu\u00e7\u00e3o confi\u00e1vel e de alta resolu\u00e7\u00e3o sempre. Com um conjunto completo de entradas e sa\u00eddas digitais e anal\u00f3gicas, o DMS-300A se integra perfeitamente a qualquer sistema, seja voc\u00ea montando um novo ou atualizando sua configura\u00e7\u00e3o existente.\">\n<p dir=\"ltr\" tabindex=\"-1\" role=\"text\" data-placeholder=\"Tradu\u00e7\u00e3o\" data-ved=\"2ahUKEwiypeOjntiQAxUBcfEDHRMrAZsQ3ewLegQIDBAV\" aria-label=\"Texto traduzido: O DMS-300A re\u00fane o melhor de dois mundos: tecnologia de streaming e amplifica\u00e7\u00e3o de alto desempenho, tudo em um pacote elegante e potente. Com um amplificador discreto Classe AB de 75 watts por canal, o DMS-300A oferece o som rico e din\u00e2mico pelo qual a Cary Audio \u00e9 conhecida, com a conveni\u00eancia moderna das principais plataformas de streaming da atualidade. Transmita suas m\u00fasicas favoritas com facilidade via Qobuz Connect, TIDAL Connect, Spotify Connect, AirPlay e Bluetooth, ou assuma o controle total da sua biblioteca digital com a compatibilidade com Roon Ready e UPnP\/DLNA. Seja por Wi-Fi ou Ethernet, o DMS-300A garante reprodu\u00e7\u00e3o confi\u00e1vel e de alta resolu\u00e7\u00e3o sempre. Com um conjunto completo de entradas e sa\u00eddas digitais e anal\u00f3gicas, o DMS-300A se integra perfeitamente a qualquer sistema, seja voc\u00ea montando um novo ou atualizando sua configura\u00e7\u00e3o existente.\">\n<p dir=\"ltr\" tabindex=\"-1\" role=\"text\" data-placeholder=\"Tradu\u00e7\u00e3o\" data-ved=\"2ahUKEwiypeOjntiQAxUBcfEDHRMrAZsQ3ewLegQIDBAV\" aria-label=\"Texto traduzido: O DMS-300A re\u00fane o melhor de dois mundos: tecnologia de streaming e amplifica\u00e7\u00e3o de alto desempenho, tudo em um pacote elegante e potente. Com um amplificador discreto Classe AB de 75 watts por canal, o DMS-300A oferece o som rico e din\u00e2mico pelo qual a Cary Audio \u00e9 conhecida, com a conveni\u00eancia moderna das principais plataformas de streaming da atualidade. Transmita suas m\u00fasicas favoritas com facilidade via Qobuz Connect, TIDAL Connect, Spotify Connect, AirPlay e Bluetooth, ou assuma o controle total da sua biblioteca digital com a compatibilidade com Roon Ready e UPnP\/DLNA. Seja por Wi-Fi ou Ethernet, o DMS-300A garante reprodu\u00e7\u00e3o confi\u00e1vel e de alta resolu\u00e7\u00e3o sempre. Com um conjunto completo de entradas e sa\u00eddas digitais e anal\u00f3gicas, o DMS-300A se integra perfeitamente a qualquer sistema, seja voc\u00ea montando um novo ou atualizando sua configura\u00e7\u00e3o existente.\">\n<p dir=\"ltr\" tabindex=\"-1\" role=\"text\" data-placeholder=\"Tradu\u00e7\u00e3o\" data-ved=\"2ahUKEwiypeOjntiQAxUBcfEDHRMrAZsQ3ewLegQIDBAV\" aria-label=\"Texto traduzido: O DMS-300A re\u00fane o melhor de dois mundos: tecnologia de streaming e amplifica\u00e7\u00e3o de alto desempenho, tudo em um pacote elegante e potente. Com um amplificador discreto Classe AB de 75 watts por canal, o DMS-300A oferece o som rico e din\u00e2mico pelo qual a Cary Audio \u00e9 conhecida, com a conveni\u00eancia moderna das principais plataformas de streaming da atualidade. Transmita suas m\u00fasicas favoritas com facilidade via Qobuz Connect, TIDAL Connect, Spotify Connect, AirPlay e Bluetooth, ou assuma o controle total da sua biblioteca digital com a compatibilidade com Roon Ready e UPnP\/DLNA. Seja por Wi-Fi ou Ethernet, o DMS-300A garante reprodu\u00e7\u00e3o confi\u00e1vel e de alta resolu\u00e7\u00e3o sempre. Com um conjunto completo de entradas e sa\u00eddas digitais e anal\u00f3gicas, o DMS-300A se integra perfeitamente a qualquer sistema, seja voc\u00ea montando um novo ou atualizando sua configura\u00e7\u00e3o existente.\">\n<p dir=\"ltr\" tabindex=\"-1\" role=\"text\" data-placeholder=\"Tradu\u00e7\u00e3o\" data-ved=\"2ahUKEwiypeOjntiQAxUBcfEDHRMrAZsQ3ewLegQIDBAV\" aria-label=\"Texto traduzido: O DMS-300A re\u00fane o melhor de dois mundos: tecnologia de streaming e amplifica\u00e7\u00e3o de alto desempenho, tudo em um pacote elegante e potente. Com um amplificador discreto Classe AB de 75 watts por canal, o DMS-300A oferece o som rico e din\u00e2mico pelo qual a Cary Audio \u00e9 conhecida, com a conveni\u00eancia moderna das principais plataformas de streaming da atualidade. Transmita suas m\u00fasicas favoritas com facilidade via Qobuz Connect, TIDAL Connect, Spotify Connect, AirPlay e Bluetooth, ou assuma o controle total da sua biblioteca digital com a compatibilidade com Roon Ready e UPnP\/DLNA. Seja por Wi-Fi ou Ethernet, o DMS-300A garante reprodu\u00e7\u00e3o confi\u00e1vel e de alta resolu\u00e7\u00e3o sempre. Com um conjunto completo de entradas e sa\u00eddas digitais e anal\u00f3gicas, o DMS-300A se integra perfeitamente a qualquer sistema, seja voc\u00ea montando um novo ou atualizando sua configura\u00e7\u00e3o existente.\">\n<p dir=\"ltr\" tabindex=\"-1\" role=\"text\" data-placeholder=\"Tradu\u00e7\u00e3o\" data-ved=\"2ahUKEwiypeOjntiQAxUBcfEDHRMrAZsQ3ewLegQIDBAV\" aria-label=\"Texto traduzido: O DMS-300A re\u00fane o melhor de dois mundos: tecnologia de streaming e amplifica\u00e7\u00e3o de alto desempenho, tudo em um pacote elegante e potente. Com um amplificador discreto Classe AB de 75 watts por canal, o DMS-300A oferece o som rico e din\u00e2mico pelo qual a Cary Audio \u00e9 conhecida, com a conveni\u00eancia moderna das principais plataformas de streaming da atualidade. Transmita suas m\u00fasicas favoritas com facilidade via Qobuz Connect, TIDAL Connect, Spotify Connect, AirPlay e Bluetooth, ou assuma o controle total da sua biblioteca digital com a compatibilidade com Roon Ready e UPnP\/DLNA. Seja por Wi-Fi ou Ethernet, o DMS-300A garante reprodu\u00e7\u00e3o confi\u00e1vel e de alta resolu\u00e7\u00e3o sempre. Com um conjunto completo de entradas e sa\u00eddas digitais e anal\u00f3gicas, o DMS-300A se integra perfeitamente a qualquer sistema, seja voc\u00ea montando um novo ou atualizando sua configura\u00e7\u00e3o existente.\">\n<p id=\"tw-target-text\" class=\"tw-data-text tw-text-large tw-ta\" dir=\"ltr\" style=\"text-align: left;\" tabindex=\"-1\" role=\"text\" data-placeholder=\"Tradu\u00e7\u00e3o\" data-ved=\"2ahUKEwiypeOjntiQAxUBcfEDHRMrAZsQ3ewLegQIDBAV\" aria-label=\"Texto traduzido: O DMS-300A re\u00fane o melhor de dois mundos: tecnologia de streaming e amplifica\u00e7\u00e3o de alto desempenho, tudo em um pacote elegante e potente. Com um amplificador discreto Classe AB de 75 watts por canal, o DMS-300A oferece o som rico e din\u00e2mico pelo qual a Cary Audio \u00e9 conhecida, com a conveni\u00eancia moderna das principais plataformas de streaming da atualidade. Transmita suas m\u00fasicas favoritas com facilidade via Qobuz Connect, TIDAL Connect, Spotify Connect, AirPlay e Bluetooth, ou assuma o controle total da sua biblioteca digital com a compatibilidade com Roon Ready e UPnP\/DLNA. Seja por Wi-Fi ou Ethernet, o DMS-300A garante reprodu\u00e7\u00e3o confi\u00e1vel e de alta resolu\u00e7\u00e3o sempre. Com um conjunto completo de entradas e sa\u00eddas digitais e anal\u00f3gicas, o DMS-300A se integra perfeitamente a qualquer sistema, seja voc\u00ea montando um novo ou atualizando sua configura\u00e7\u00e3o existente.\"><span class=\"Y2IQFc\" lang=\"pt\"><span style=\"color: #000000;\">O DMS-300A re\u00fane o melhor de dois mundos: tecnologia de streaming e amplifica\u00e7\u00e3o de alto desempenho, tudo num s\u00f3 aparelho elegante e potente. <\/span><\/span><\/p>\n<p style=\"text-align: left;\"><span style=\"color: #000000;\">Com um amplificador discreto Classe AB de 75 watts por canal, o DMS-300A oferece o som rico e din\u00e2mico pelo qual a Cary Audio \u00e9 conhecida, com a conveni\u00eancia moderna das principais plataformas de streaming da atualidade. Transmita suas m\u00fasicas favoritas com facilidade via Qobuz Connect, TIDAL Connect, Spotify Connect, AirPlay e Bluetooth, ou assuma o controle total da sua biblioteca digital com a compatibilidade com Roon Ready e UPnP\/DLNA.<\/span><\/p>\n<p style=\"text-align: left;\"><span style=\"color: #000000;\">Seja por Wi-Fi ou Ethernet, o DMS-300A garante reprodu\u00e7\u00e3o confi\u00e1vel e de alta resolu\u00e7\u00e3o. Com um conjunto completo de entradas e sa\u00eddas digitais e anal\u00f3gicas, o DMS-300A se integra perfeitamente a qualquer sistema, seja voc\u00ea montando um novo ou atualizando sua configura\u00e7\u00e3o existente.<\/span><\/p>\n<p><img decoding=\"async\" class=\"alignleft wp-image-4318 size-full\" src=\"https:\/\/hi-fi-spot.pt\/wp-content\/uploads\/2025\/11\/DMS-300A_black_lifestyle-1.jpg\" alt=\"\" width=\"940\" height=\"450\" srcset=\"https:\/\/hi-fi-spot.pt\/wp-content\/uploads\/2025\/11\/DMS-300A_black_lifestyle-1.jpg 940w, https:\/\/hi-fi-spot.pt\/wp-content\/uploads\/2025\/11\/DMS-300A_black_lifestyle-1-300x144.jpg 300w, https:\/\/hi-fi-spot.pt\/wp-content\/uploads\/2025\/11\/DMS-300A_black_lifestyle-1-768x368.jpg 768w, https:\/\/hi-fi-spot.pt\/wp-content\/uploads\/2025\/11\/DMS-300A_black_lifestyle-1-600x287.jpg 600w\" sizes=\"(max-width: 940px) 100vw, 940px\" \/><\/p>\n<p>&nbsp;<\/p>\n<p>&nbsp;<\/p>\n<p>&nbsp;<\/p>\n<p>&nbsp;<\/p>\n<p>&nbsp;<\/p>\n<p>&nbsp;<\/p>\n<p>&nbsp;<\/p>\n<p>&nbsp;<\/p>\n<p>&nbsp;<\/p>\n<p>&nbsp;<\/p>\n<p>&nbsp;<\/p>\n<p><img decoding=\"async\" class=\"alignleft wp-image-4320 size-full\" src=\"https:\/\/hi-fi-spot.pt\/wp-content\/uploads\/2025\/11\/DMS-300A_rear-1.jpg\" alt=\"\" width=\"940\" height=\"450\" srcset=\"https:\/\/hi-fi-spot.pt\/wp-content\/uploads\/2025\/11\/DMS-300A_rear-1.jpg 940w, https:\/\/hi-fi-spot.pt\/wp-content\/uploads\/2025\/11\/DMS-300A_rear-1-300x144.jpg 300w, https:\/\/hi-fi-spot.pt\/wp-content\/uploads\/2025\/11\/DMS-300A_rear-1-768x368.jpg 768w, https:\/\/hi-fi-spot.pt\/wp-content\/uploads\/2025\/11\/DMS-300A_rear-1-600x287.jpg 600w\" sizes=\"(max-width: 940px) 100vw, 940px\" \/><\/p>\n<p>&nbsp;<\/p>\n<p>&nbsp;<\/p>\n<p>&nbsp;<\/p>\n<p>&nbsp;<\/p>\n<p>&nbsp;<\/p>\n<p>&nbsp;<\/p>\n<p>&nbsp;<\/p>\n<p>&nbsp;<\/p>\n<p>&nbsp;<\/p>\n<p>&nbsp;<\/p>\n<p>&nbsp;<\/p>\n<p><img loading=\"lazy\" decoding=\"async\" class=\"alignleft wp-image-4324 size-full\" src=\"https:\/\/hi-fi-spot.pt\/wp-content\/uploads\/2025\/11\/dms300-connect.png\" alt=\"\" width=\"741\" height=\"166\" srcset=\"https:\/\/hi-fi-spot.pt\/wp-content\/uploads\/2025\/11\/dms300-connect.png 741w, https:\/\/hi-fi-spot.pt\/wp-content\/uploads\/2025\/11\/dms300-connect-300x67.png 300w, https:\/\/hi-fi-spot.pt\/wp-content\/uploads\/2025\/11\/dms300-connect-600x134.png 600w\" sizes=\"(max-width: 741px) 100vw, 741px\" \/><\/p>\n<p>&nbsp;<\/p>\n<p>&nbsp;<\/p>\n<p>&nbsp;<\/p>\n<p>&nbsp;<\/p>\n<p style=\"text-align: left;\"><strong>Especifica\u00e7\u00f5es :<\/strong><\/p>\n<table id=\"specsdata\" class=\" alignleft\">\n<tbody>\n<tr>\n<td width=\"156\">Master Clock Jitter<\/td>\n<td width=\"232\">Below measurable levels<\/td>\n<\/tr>\n<tr>\n<td>Digital Sampling Rates (Fs)<\/td>\n<td>\u00a044.1 kHz to 768 kHz<\/td>\n<\/tr>\n<tr>\n<td>Digital Filter<\/td>\n<td>32-Bit 8x Oversampling Digital Filter<\/td>\n<\/tr>\n<tr>\n<td>Digital\/Analog Converters<\/td>\n<td>1-2 channel AKM Chipset<\/td>\n<\/tr>\n<tr>\n<td>BLUETOOTH<\/td>\n<td>Qualcomm\u00a0aptX\u00ae decoder and transmitter<\/td>\n<\/tr>\n<tr>\n<td>Analog Filter<\/td>\n<td>3rd Order Bessel<\/td>\n<\/tr>\n<tr>\n<td>Analog SUB Outputs<\/td>\n<td>Single\u2013Ended RCA<\/td>\n<\/tr>\n<tr>\n<td>Digital Outputs<\/td>\n<td>Coaxial, Toslink operating at Sample Frequency (Fs) from 44.1 kHz to 192 kHz, 16 bit to 24 bit<\/td>\n<\/tr>\n<tr>\n<td>Digital Inputs<\/td>\n<td>USB-A x 3, SD Card x 1<br \/>\nBLUETOOTH In<br \/>\nCoaxial x1, Toslink x1<\/td>\n<\/tr>\n<tr>\n<td>Digital Input Sample Rate<\/td>\n<td>USB operating at Sample Frequency (Fs) from 44.1 kHz to 384 kHz, 16 bit to 32 bit, DSD 64, 128, 256 and 512.<br \/>\nBLUETOOTH Sample Frequency (Fs) 48 kHz, 16 bit.<br \/>\nCoaxial, Toslink operating at Sample Frequency (Fs) from 44.1 kHz to 192 kHz, 16bit to 24 bit<\/td>\n<\/tr>\n<tr>\n<td>Control<\/td>\n<td>Trigger output 12VDC x1<br \/>\nIR control x1<\/td>\n<\/tr>\n<tr>\n<td>Communication<\/td>\n<td>Ethernet<br \/>\nWi-Fi 802.11 b\/g\/n<\/td>\n<\/tr>\n<tr>\n<td>Power Input<\/td>\n<td>Configured at factory for either 110-120 or 220-240 VAC, 50-60 Hz<\/td>\n<\/tr>\n<tr>\n<td>Power Consumption<\/td>\n<td>255 Watts<\/td>\n<\/tr>\n<tr>\n<td>Weight<\/td>\n<td>26 lbs.<\/td>\n<\/tr>\n<tr>\n<td>Dimensions<\/td>\n<td>3.75\u2033 H x 17.25\u2033 W x 12.5\u2033 D<\/td>\n<\/tr>\n<\/tbody>\n<\/table>\n<p style=\"text-align: left;\"><strong>POWER AMPLIFIER<\/strong><\/p>\n<table id=\"specsdata\" class=\" alignleft\">\n<tbody>\n<tr>\n<td width=\"156\">Analog Input<\/td>\n<td width=\"232\">Single-Ended RCA x 3 for Main-In, Line 1, Line 2<br \/>\n3.5mm Stereo Jack x 1<\/td>\n<\/tr>\n<tr>\n<td>Analog Input Impedance<\/td>\n<td>10K \u03a9 Unbalanced<\/td>\n<\/tr>\n<tr>\n<td>Power Amplifier Output<\/td>\n<td>2 x 75W RMS in 8\u00a0\u03a9 from 20Hz to 20KHz<br \/>\n2 x 125W RMS in 4\u00a0\u03a9 from 20Hz to 20KHz<\/td>\n<\/tr>\n<tr>\n<td>Circuit Type<\/td>\n<td>Solid State, Power MOSFET Transistor, Class A\/B<\/td>\n<\/tr>\n<tr>\n<td>Frequency Response<\/td>\n<td>10Hz \u2013 50KHz +\/- 0.1dB (at 10db below rated output power)<\/td>\n<\/tr>\n<tr>\n<td>Distortion (SAMPTE-1M)<\/td>\n<td>&lt;0.5%<\/td>\n<\/tr>\n<tr>\n<td>S\/N Ratio<\/td>\n<td>&gt;100dB, \u201cA\u201d Weighted<\/td>\n<\/tr>\n<tr>\n<td>Protections<\/td>\n<td>Full short circuit, thermal, Ultrasonic, RF Signal muting &amp; Current limiter.<\/td>\n<\/tr>\n<\/tbody>\n<\/table>\n<p style=\"text-align: left;\"><strong>AUDIO (LPCM)<\/strong><\/p>\n<table id=\"specsdata\" class=\" alignleft\">\n<tbody>\n<tr>\n<td width=\"156\">Frequency Range<\/td>\n<td width=\"232\">2 Hz \u2013 22 kHz (44.1 kHz)<\/td>\n<\/tr>\n<tr>\n<td>Amplitude Linearity<\/td>\n<td>0.1 dB (20 Hz \u2013 20 kHz)<\/td>\n<\/tr>\n<tr>\n<td>Phase Linearity<\/td>\n<td>3 degrees (20 Hz \u2013 20 kHz)<\/td>\n<\/tr>\n<tr>\n<td>Dynamic Range<\/td>\n<td>117 dB (1 kHz)<\/td>\n<\/tr>\n<tr>\n<td>Signal-to-Noise Ratio<\/td>\n<td>107 dB (1 kHz)<\/td>\n<\/tr>\n<tr>\n<td>Channel Separation<\/td>\n<td>106 dB (1 kHz)<\/td>\n<\/tr>\n<tr>\n<td>Total Harmonic Distortion<\/td>\n<td>0.0004% (1 kHz)<\/td>\n<\/tr>\n<tr>\n<td>Pre-Amp Output Level<\/td>\n<td>3.0V RMS (220 \u03a9 output impedance) for maximum volume<\/td>\n<\/tr>\n<\/tbody>\n<\/table>\n<p style=\"text-align: left;\"><strong>NETWORK, USB, SD CARD PLAYBACK<\/strong><\/p>\n<table id=\"specsdata\" class=\" alignleft\">\n<tbody>\n<tr>\n<td width=\"156\">Playback Format Supply<\/td>\n<td width=\"232\">.dsf, .dff (DSD64, 128, 256, 512), .aif, .aiff, .alac, .flac, .m4a, .mp4, .wav, .ape, .mp3, .aac, .wma, .ogg, .asf<\/td>\n<\/tr>\n<tr>\n<td>Frequency Range<\/td>\n<td>2 Hz \u2013 100 kHz<\/td>\n<\/tr>\n<tr>\n<td>Signal System<\/td>\n<td>16, 20, 24, &amp; 32 bit PCM and 1 bit DSD<\/td>\n<\/tr>\n<tr>\n<td>Sampling Frequency<\/td>\n<td>44.1 kHz to 384 kHz PCM and 2.822MHz \u2013 22.5792 MHz DSD<\/td>\n<\/tr>\n<tr>\n<td>Dynamic Range<\/td>\n<td>117 dB<\/td>\n<\/tr>\n<tr>\n<td>DSD System Clock<\/td>\n<td>Frequency 22.5792 MHz<\/td>\n<\/tr>\n<tr>\n<td>Signal-to-Noise Ratio<\/td>\n<td>107 dB<\/td>\n<\/tr>\n<\/tbody>\n<\/table>\n<p style=\"text-align: left;\"><strong>SPDIF PLAYBACK; COAXIAL, TOSLINK (LPCM)<\/strong><\/p>\n<table id=\"specsdata\" class=\" alignleft\">\n<tbody>\n<tr>\n<td width=\"156\">Frequency Range<\/td>\n<td width=\"232\">2 Hz \u2013 80 kHz<\/td>\n<\/tr>\n<tr>\n<td>Signal System<\/td>\n<td>16, 20, and 24 bit<\/td>\n<\/tr>\n<tr>\n<td>Sampling Frequency<\/td>\n<td>44.1 kHz to 192 kHz PCM<\/td>\n<\/tr>\n<tr>\n<td>Dynamic Range<\/td>\n<td>117 dB<\/td>\n<\/tr>\n<tr>\n<td>System Clock<\/td>\n<td>Frequency 22.5792 MH<\/td>\n<\/tr>\n<tr>\n<td>Signal-to-Noise Ratio<\/td>\n<td>107 dB<\/td>\n<\/tr>\n<\/tbody>\n<\/table>\n<div dir=\"auto\" style=\"text-align: left;\"><\/div>\n","protected":false},"excerpt":{"rendered":"<p>Cary-Audio,\u00a0 o modelo DMS-300A \u00e9\u00a0um amplificador solid-state de classe AB de 75W por canal, com streamer de excelente reprodu\u00e7\u00e3o musical. A simplicidade na utiliza\u00e7\u00e3o, a est\u00e9tica vintage e ao mesmo tempo moderna, aliada \u00e0 qualidade na reprodu\u00e7\u00e3o musical, foram os requisitos durante o desenvolvimento deste modelo. Imagine s\u00f3 precisar de ligar um par de colunas &hellip;<\/p>\n<p class=\"read-more\"> <a class=\"\" href=\"https:\/\/hi-fi-spot.pt\/en\/produto\/cary-audio-dms-300a\/\"> <span class=\"screen-reader-text\">Cary-Audio DMS-300A<\/span> Read More &raquo;<\/a><\/p>\n","protected":false},"featured_media":4194,"template":"","meta":{"site-sidebar-layout":"default","site-content-layout":"default","ast-main-header-display":"","ast-hfb-above-header-display":"","ast-hfb-below-header-display":"","ast-hfb-mobile-header-display":"","site-post-title":"","ast-breadcrumbs-content":"","ast-featured-img":"","footer-sml-layout":"","theme-transparent-header-meta":"default","adv-header-id-meta":"","stick-header-meta":"","header-above-stick-meta":"","header-main-stick-meta":"","header-below-stick-meta":""},"pwb-brand":[16],"product_cat":[26,36,63,30],"product_tag":[],"class_list":{"0":"post-4193","1":"product","2":"type-product","3":"status-publish","4":"has-post-thumbnail","6":"pwb-brand-caryaudio","7":"product_cat-amplificadores","8":"product_cat-integrados","9":"product_cat-produtosaudio","10":"product_cat-streamers","11":"align-center","12":"box-shadow-0","13":"box-shadow-0-hover","14":"ast-product-gallery-layout-horizontal","15":"ast-product-gallery-with-no-image","16":"ast-product-tabs-layout-horizontal","18":"first","19":"instock","20":"shipping-taxable","21":"purchasable","22":"product-type-simple"},"brands":[{"id":16,"name":"Cary Audio","slug":"caryaudio"}],"_links":{"self":[{"href":"https:\/\/hi-fi-spot.pt\/en\/wp-json\/wp\/v2\/product\/4193","targetHints":{"allow":["GET"]}}],"collection":[{"href":"https:\/\/hi-fi-spot.pt\/en\/wp-json\/wp\/v2\/product"}],"about":[{"href":"https:\/\/hi-fi-spot.pt\/en\/wp-json\/wp\/v2\/types\/product"}],"wp:featuredmedia":[{"embeddable":true,"href":"https:\/\/hi-fi-spot.pt\/en\/wp-json\/wp\/v2\/media\/4194"}],"wp:attachment":[{"href":"https:\/\/hi-fi-spot.pt\/en\/wp-json\/wp\/v2\/media?parent=4193"}],"wp:term":[{"taxonomy":"pwb-brand","embeddable":true,"href":"https:\/\/hi-fi-spot.pt\/en\/wp-json\/wp\/v2\/pwb-brand?post=4193"},{"taxonomy":"product_cat","embeddable":true,"href":"https:\/\/hi-fi-spot.pt\/en\/wp-json\/wp\/v2\/product_cat?post=4193"},{"taxonomy":"product_tag","embeddable":true,"href":"https:\/\/hi-fi-spot.pt\/en\/wp-json\/wp\/v2\/product_tag?post=4193"}],"curies":[{"name":"wp","href":"https:\/\/api.w.org\/{rel}","templated":true}]}}