{"id":4203,"date":"2025-11-04T15:15:59","date_gmt":"2025-11-04T15:15:59","guid":{"rendered":"https:\/\/hi-fi-spot.pt\/?post_type=product&#038;p=4203"},"modified":"2025-11-04T15:32:28","modified_gmt":"2025-11-04T15:32:28","slug":"cary-audio-slp-05","status":"publish","type":"product","link":"https:\/\/hi-fi-spot.pt\/en\/produto\/cary-audio-slp-05\/","title":{"rendered":"Cary-Audio SLP-05"},"content":{"rendered":"<div class=\"n4sEPd\">\n<div class=\"FFpbKc\">\n<div><strong>Pr\u00e9-Amplificador Cary-Audio SLP-05 (em exposi\u00e7\u00e3o)<\/strong><\/div>\n<div>PARA MAIS INFORMA\u00c7\u00d5ES, CONTACTE-NOS.<\/div>\n<div>&#8211;<\/div>\n<div class=\"xMmqsf\"><span class=\"jCAhz JpY6Fd\" style=\"font-size: 16px;\"><span class=\"ryNqvb\">Experimente o nirvana do \u00e1udio no seu auge com o SLP-05, a ess\u00eancia do que um pr\u00e9-amplificador de refer\u00eancia deve ser.<\/span><\/span><\/div>\n<div class=\"xMmqsf\"><span class=\"jCAhz ChMk0b\" style=\"font-size: 16px;\"><span class=\"ryNqvb\">Constru\u00eddo como uma obra-prima de chassis duplo, este pr\u00e9-amplificador de n\u00edvel de linha totalmente equilibrado, com um est\u00e1gio de auscultador dedicado, oferece um desempenho simplesmente de cortar a respira\u00e7\u00e3o.<\/span><\/span><\/div>\n<div class=\"xMmqsf\"><span class=\"jCAhz ChMk0b\" style=\"font-size: 16px;\"><span class=\"ryNqvb\">Prepare-se para mergulhar num palco sonoro de profundidade e amplitude supremas, acompanhado por tons exuberantes e suaves e uma textura de graves que o deixar\u00e3o fascinado.<\/span><\/span> <span class=\"jCAhz ChMk0b\" style=\"font-size: 16px;\"><span class=\"ryNqvb\">Ao contr\u00e1rio de outros pr\u00e9-amplificadores ditos de refer\u00eancia, o SLP-05 apresenta vozes em propor\u00e7\u00f5es imensas, proporcionando uma experi\u00eancia sonora completa que desafia as expectativas.<\/span><\/span><\/div>\n<div>&#8211;<\/div>\n<div><\/div>\n<div><img fetchpriority=\"high\" decoding=\"async\" class=\"alignnone wp-image-4214 size-full\" src=\"https:\/\/hi-fi-spot.pt\/wp-content\/uploads\/2025\/11\/Sem-titulo.png\" alt=\"\" width=\"829\" height=\"308\" srcset=\"https:\/\/hi-fi-spot.pt\/wp-content\/uploads\/2025\/11\/Sem-titulo.png 829w, https:\/\/hi-fi-spot.pt\/wp-content\/uploads\/2025\/11\/Sem-titulo-300x111.png 300w, https:\/\/hi-fi-spot.pt\/wp-content\/uploads\/2025\/11\/Sem-titulo-768x285.png 768w, https:\/\/hi-fi-spot.pt\/wp-content\/uploads\/2025\/11\/Sem-titulo-600x223.png 600w\" sizes=\"(max-width: 829px) 100vw, 829px\" \/><\/div>\n<div><\/div>\n<\/div>\n<\/div>\n","protected":false},"excerpt":{"rendered":"<p>Pr\u00e9-Amplificador Cary-Audio SLP-05 (em exposi\u00e7\u00e3o) PARA MAIS INFORMA\u00c7\u00d5ES, CONTACTE-NOS. &#8211; Experimente o nirvana do \u00e1udio no seu auge com o SLP-05, a ess\u00eancia do que um pr\u00e9-amplificador de refer\u00eancia deve ser. Constru\u00eddo como uma obra-prima de chassis duplo, este pr\u00e9-amplificador de n\u00edvel de linha totalmente equilibrado, com um est\u00e1gio de auscultador dedicado, oferece um desempenho &hellip;<\/p>\n<p class=\"read-more\"> <a class=\"\" href=\"https:\/\/hi-fi-spot.pt\/en\/produto\/cary-audio-slp-05\/\"> <span class=\"screen-reader-text\">Cary-Audio SLP-05<\/span> Read More &raquo;<\/a><\/p>\n","protected":false},"featured_media":4216,"template":"","meta":{"site-sidebar-layout":"default","site-content-layout":"default","ast-main-header-display":"","ast-hfb-above-header-display":"","ast-hfb-below-header-display":"","ast-hfb-mobile-header-display":"","site-post-title":"","ast-breadcrumbs-content":"","ast-featured-img":"","footer-sml-layout":"","theme-transparent-header-meta":"default","adv-header-id-meta":"","stick-header-meta":"","header-above-stick-meta":"","header-main-stick-meta":"","header-below-stick-meta":""},"pwb-brand":[16],"product_cat":[54,52,27,63,37,64],"product_tag":[],"class_list":{"0":"post-4203","1":"product","2":"type-product","3":"status-publish","4":"has-post-thumbnail","6":"pwb-brand-caryaudio","7":"product_cat-varios-ex-demo","8":"product_cat-ex-demo","9":"product_cat-pre-amplificadores","10":"product_cat-produtosaudio","11":"product_cat-stereo","12":"product_cat-usados-ex-demo","13":"align-center","14":"box-shadow-0","15":"box-shadow-0-hover","16":"ast-product-gallery-layout-horizontal","17":"ast-product-tabs-layout-horizontal","19":"first","20":"instock","21":"shipping-taxable","22":"product-type-simple"},"brands":[{"id":16,"name":"Cary Audio","slug":"caryaudio"}],"_links":{"self":[{"href":"https:\/\/hi-fi-spot.pt\/en\/wp-json\/wp\/v2\/product\/4203","targetHints":{"allow":["GET"]}}],"collection":[{"href":"https:\/\/hi-fi-spot.pt\/en\/wp-json\/wp\/v2\/product"}],"about":[{"href":"https:\/\/hi-fi-spot.pt\/en\/wp-json\/wp\/v2\/types\/product"}],"wp:featuredmedia":[{"embeddable":true,"href":"https:\/\/hi-fi-spot.pt\/en\/wp-json\/wp\/v2\/media\/4216"}],"wp:attachment":[{"href":"https:\/\/hi-fi-spot.pt\/en\/wp-json\/wp\/v2\/media?parent=4203"}],"wp:term":[{"taxonomy":"pwb-brand","embeddable":true,"href":"https:\/\/hi-fi-spot.pt\/en\/wp-json\/wp\/v2\/pwb-brand?post=4203"},{"taxonomy":"product_cat","embeddable":true,"href":"https:\/\/hi-fi-spot.pt\/en\/wp-json\/wp\/v2\/product_cat?post=4203"},{"taxonomy":"product_tag","embeddable":true,"href":"https:\/\/hi-fi-spot.pt\/en\/wp-json\/wp\/v2\/product_tag?post=4203"}],"curies":[{"name":"wp","href":"https:\/\/api.w.org\/{rel}","templated":true}]}}