{"id":4250,"date":"2025-11-04T16:36:01","date_gmt":"2025-11-04T16:36:01","guid":{"rendered":"https:\/\/hi-fi-spot.pt\/?post_type=product&#038;p=4250"},"modified":"2026-01-05T09:34:03","modified_gmt":"2026-01-05T09:34:03","slug":"pre-amplificador-rega-cursa","status":"publish","type":"product","link":"https:\/\/hi-fi-spot.pt\/en\/produto\/pre-amplificador-rega-cursa\/","title":{"rendered":"Pr\u00e9-amplificador REGA-CURSA"},"content":{"rendered":"<p>Pr\u00e9-amplificador REGA-CURSA<\/p>\n<p>Este aparelho encontra-se impec\u00e1vel e no estado cosm\u00e9tico que as fotografias o apresentam. Pode ser demonstrado a tocar na nossa loja.<\/p>\n<p>NOTA : Os nossos equipamento s\u00e3o sujeitos a uma inspe\u00e7\u00e3o ou revis\u00e3o pelo nosso t\u00e9cnico.<\/p>\n","protected":false},"excerpt":{"rendered":"<p>Pr\u00e9-amplificador REGA-CURSA Este aparelho encontra-se impec\u00e1vel e no estado cosm\u00e9tico que as fotografias o apresentam. Pode ser demonstrado a tocar na nossa loja. NOTA : Os nossos equipamento s\u00e3o sujeitos a uma inspe\u00e7\u00e3o ou revis\u00e3o pelo nosso t\u00e9cnico.<\/p>\n","protected":false},"featured_media":4251,"template":"","meta":{"site-sidebar-layout":"default","site-content-layout":"default","ast-main-header-display":"","ast-hfb-above-header-display":"","ast-hfb-below-header-display":"","ast-hfb-mobile-header-display":"","site-post-title":"","ast-breadcrumbs-content":"","ast-featured-img":"","footer-sml-layout":"","theme-transparent-header-meta":"default","adv-header-id-meta":"","stick-header-meta":"","header-above-stick-meta":"","header-main-stick-meta":"","header-below-stick-meta":""},"pwb-brand":[25],"product_cat":[53,54,64,51],"product_tag":[],"class_list":{"0":"post-4250","1":"product","2":"type-product","3":"status-publish","4":"has-post-thumbnail","6":"pwb-brand-outros","7":"product_cat-varios-usados","8":"product_cat-varios-ex-demo","9":"product_cat-usados-ex-demo","10":"product_cat-usados-vintage","11":"align-center","12":"box-shadow-0","13":"box-shadow-0-hover","14":"ast-product-gallery-layout-horizontal","15":"ast-product-tabs-layout-horizontal","17":"first","18":"instock","19":"shipping-taxable","20":"purchasable","21":"product-type-simple"},"brands":[{"id":25,"name":"Outros","slug":"outros"}],"_links":{"self":[{"href":"https:\/\/hi-fi-spot.pt\/en\/wp-json\/wp\/v2\/product\/4250","targetHints":{"allow":["GET"]}}],"collection":[{"href":"https:\/\/hi-fi-spot.pt\/en\/wp-json\/wp\/v2\/product"}],"about":[{"href":"https:\/\/hi-fi-spot.pt\/en\/wp-json\/wp\/v2\/types\/product"}],"wp:featuredmedia":[{"embeddable":true,"href":"https:\/\/hi-fi-spot.pt\/en\/wp-json\/wp\/v2\/media\/4251"}],"wp:attachment":[{"href":"https:\/\/hi-fi-spot.pt\/en\/wp-json\/wp\/v2\/media?parent=4250"}],"wp:term":[{"taxonomy":"pwb-brand","embeddable":true,"href":"https:\/\/hi-fi-spot.pt\/en\/wp-json\/wp\/v2\/pwb-brand?post=4250"},{"taxonomy":"product_cat","embeddable":true,"href":"https:\/\/hi-fi-spot.pt\/en\/wp-json\/wp\/v2\/product_cat?post=4250"},{"taxonomy":"product_tag","embeddable":true,"href":"https:\/\/hi-fi-spot.pt\/en\/wp-json\/wp\/v2\/product_tag?post=4250"}],"curies":[{"name":"wp","href":"https:\/\/api.w.org\/{rel}","templated":true}]}}