{"id":4302,"date":"2025-11-06T18:02:10","date_gmt":"2025-11-06T18:02:10","guid":{"rendered":"https:\/\/hi-fi-spot.pt\/?post_type=product&#038;p=4302"},"modified":"2026-01-05T09:33:30","modified_gmt":"2026-01-05T09:33:30","slug":"sony-tc-645","status":"publish","type":"product","link":"https:\/\/hi-fi-spot.pt\/en\/produto\/sony-tc-645\/","title":{"rendered":"Sony  &#8211; TC-645"},"content":{"rendered":"<p style=\"text-align: left;\">Este belo Sony &#8211; TC-645 foi sujeito a uma manuten\u00e7\u00e3o detalhada, pelo nosso t\u00e9cnico especializado.<\/p>\n<p style=\"text-align: left;\">Apresenta-se fisicamente impec\u00e1vel, tal como as fotografias o apresentam, e est\u00e1 a funcionar muito bem.<\/p>\n<p style=\"text-align: left;\">Para mais informa\u00e7\u00f5es, contacte-nos.<\/p>\n<p style=\"text-align: left;\">\n<p style=\"text-align: left;\">ESPECIFICA\u00c7\u00d5ES :<\/p>\n<p style=\"text-align: left;\">Track system: 4-track, 2-channel, stereo\/monaural system<\/p>\n<p style=\"text-align: left;\">Heads: 1 x record, 1 x playback, 1 x erase<\/p>\n<p style=\"text-align: left;\">Motor: 1 x capstan, 2 x reel<\/p>\n<p style=\"text-align: left;\">Reel size: up to 7 inch reel<\/p>\n<p style=\"text-align: left;\">Tape speeds: 3\u00a0<span class=\"small_fraction\"><sup>3<\/sup>\u2044<sub>4<\/sub><\/span>\u00a0\u00a07\u00a0<span class=\"small_fraction\"><sup>1<\/sup>\u2044<sub>2<\/sub><\/span>\u00a0ips<\/p>\n<p style=\"text-align: left;\">Wow and flutter: 0.07%\u00a0<span class=\"small_fraction\">(7\u00a0<sup>1<\/sup>\u2044<sub>2<\/sub>\u00a0ips)<\/span><\/p>\n<p style=\"text-align: left;\">Frequency response: 20Hz to 30kHz\u00a0<span class=\"small_fraction\">(7\u00a0<sup>1<\/sup>\u2044<sub>2<\/sub>\u00a0ips)<\/span><\/p>\n<p style=\"text-align: left;\">Signal to Noise Ratio: 56dB<\/p>\n<p style=\"text-align: left;\">Total harmonic distortion: 1.2%<\/p>\n<p style=\"text-align: left;\">Input: 60mV (line), 0.2mV (mic)<\/p>\n<p style=\"text-align: left;\">Output: 0.775V (line)<\/p>\n<p style=\"text-align: left;\">Semiconductors: 19 x transistors, 15 x diodes, 4 x IC<\/p>\n<p style=\"text-align: left;\">Dimensions: 378 x 370 x 224mm<\/p>\n<p style=\"text-align: left;\">Weight: 18.5kg<\/p>\n<p style=\"text-align: left;\">Year: 1974<\/p>\n","protected":false},"excerpt":{"rendered":"<p>Este belo Sony &#8211; TC-645 foi sujeito a uma manuten\u00e7\u00e3o detalhada, pelo nosso t\u00e9cnico especializado. Apresenta-se fisicamente impec\u00e1vel, tal como as fotografias o apresentam, e est\u00e1 a funcionar muito bem. Para mais informa\u00e7\u00f5es, contacte-nos. ESPECIFICA\u00c7\u00d5ES : Track system: 4-track, 2-channel, stereo\/monaural system Heads: 1 x record, 1 x playback, 1 x erase Motor: 1 x &hellip;<\/p>\n<p class=\"read-more\"> <a class=\"\" href=\"https:\/\/hi-fi-spot.pt\/en\/produto\/sony-tc-645\/\"> <span class=\"screen-reader-text\">Sony  &#8211; TC-645<\/span> Read More &raquo;<\/a><\/p>\n","protected":false},"featured_media":4312,"template":"","meta":{"site-sidebar-layout":"default","site-content-layout":"default","ast-main-header-display":"","ast-hfb-above-header-display":"","ast-hfb-below-header-display":"","ast-hfb-mobile-header-display":"","site-post-title":"","ast-breadcrumbs-content":"","ast-featured-img":"","footer-sml-layout":"","theme-transparent-header-meta":"default","adv-header-id-meta":"","stick-header-meta":"","header-above-stick-meta":"","header-main-stick-meta":"","header-below-stick-meta":""},"pwb-brand":[167],"product_cat":[53,51],"product_tag":[],"class_list":{"0":"post-4302","1":"product","2":"type-product","3":"status-publish","4":"has-post-thumbnail","6":"pwb-brand-sony","7":"product_cat-varios-usados","8":"product_cat-usados-vintage","9":"align-center","10":"box-shadow-0","11":"box-shadow-0-hover","12":"ast-product-gallery-layout-horizontal","13":"ast-product-tabs-layout-horizontal","15":"first","16":"instock","17":"shipping-taxable","18":"purchasable","19":"product-type-simple"},"brands":[{"id":167,"name":"Sony","slug":"sony"}],"_links":{"self":[{"href":"https:\/\/hi-fi-spot.pt\/en\/wp-json\/wp\/v2\/product\/4302","targetHints":{"allow":["GET"]}}],"collection":[{"href":"https:\/\/hi-fi-spot.pt\/en\/wp-json\/wp\/v2\/product"}],"about":[{"href":"https:\/\/hi-fi-spot.pt\/en\/wp-json\/wp\/v2\/types\/product"}],"wp:featuredmedia":[{"embeddable":true,"href":"https:\/\/hi-fi-spot.pt\/en\/wp-json\/wp\/v2\/media\/4312"}],"wp:attachment":[{"href":"https:\/\/hi-fi-spot.pt\/en\/wp-json\/wp\/v2\/media?parent=4302"}],"wp:term":[{"taxonomy":"pwb-brand","embeddable":true,"href":"https:\/\/hi-fi-spot.pt\/en\/wp-json\/wp\/v2\/pwb-brand?post=4302"},{"taxonomy":"product_cat","embeddable":true,"href":"https:\/\/hi-fi-spot.pt\/en\/wp-json\/wp\/v2\/product_cat?post=4302"},{"taxonomy":"product_tag","embeddable":true,"href":"https:\/\/hi-fi-spot.pt\/en\/wp-json\/wp\/v2\/product_tag?post=4302"}],"curies":[{"name":"wp","href":"https:\/\/api.w.org\/{rel}","templated":true}]}}