{"id":4377,"date":"2025-11-19T14:31:45","date_gmt":"2025-11-19T14:31:45","guid":{"rendered":"https:\/\/hi-fi-spot.pt\/?post_type=product&#038;p=4377"},"modified":"2026-01-05T09:32:44","modified_gmt":"2026-01-05T09:32:44","slug":"yamaha-c-80","status":"publish","type":"product","link":"https:\/\/hi-fi-spot.pt\/en\/produto\/yamaha-c-80\/","title":{"rendered":"Yamaha &#8211; C-80"},"content":{"rendered":"<p style=\"text-align: left;\"><strong>Pr\u00e9-Amplificador Yamaha &#8211; C80<\/strong><\/p>\n<p style=\"text-align: left;\">Este aparelho encontra-se impec\u00e1vel, no estado cosm\u00e9tico que as fotografias o apresentam.<\/p>\n<p style=\"text-align: left;\">Pode ser demonstrado a tocar na nossa loja.<\/p>\n<p style=\"text-align: left;\">NOTA : Todos os nossos equipamento s\u00e3o sujeitos a uma inspe\u00e7\u00e3o ou revis\u00e3o feita pelo nosso t\u00e9cnico.<\/p>\n","protected":false},"excerpt":{"rendered":"<p>Pr\u00e9-Amplificador Yamaha &#8211; C80 Este aparelho encontra-se impec\u00e1vel, no estado cosm\u00e9tico que as fotografias o apresentam. Pode ser demonstrado a tocar na nossa loja. NOTA : Todos os nossos equipamento s\u00e3o sujeitos a uma inspe\u00e7\u00e3o ou revis\u00e3o feita pelo nosso t\u00e9cnico.<\/p>\n","protected":false},"featured_media":4378,"template":"","meta":{"site-sidebar-layout":"default","site-content-layout":"default","ast-main-header-display":"","ast-hfb-above-header-display":"","ast-hfb-below-header-display":"","ast-hfb-mobile-header-display":"","site-post-title":"","ast-breadcrumbs-content":"","ast-featured-img":"","footer-sml-layout":"","theme-transparent-header-meta":"default","adv-header-id-meta":"","stick-header-meta":"","header-above-stick-meta":"","header-main-stick-meta":"","header-below-stick-meta":""},"pwb-brand":[137],"product_cat":[53,64,51],"product_tag":[],"class_list":{"0":"post-4377","1":"product","2":"type-product","3":"status-publish","4":"has-post-thumbnail","6":"pwb-brand-yamaha","7":"product_cat-varios-usados","8":"product_cat-usados-ex-demo","9":"product_cat-usados-vintage","10":"align-center","11":"box-shadow-0","12":"box-shadow-0-hover","13":"ast-product-gallery-layout-horizontal","14":"ast-product-tabs-layout-horizontal","16":"first","17":"instock","18":"shipping-taxable","19":"purchasable","20":"product-type-simple"},"brands":[{"id":137,"name":"Yamaha","slug":"yamaha"}],"_links":{"self":[{"href":"https:\/\/hi-fi-spot.pt\/en\/wp-json\/wp\/v2\/product\/4377","targetHints":{"allow":["GET"]}}],"collection":[{"href":"https:\/\/hi-fi-spot.pt\/en\/wp-json\/wp\/v2\/product"}],"about":[{"href":"https:\/\/hi-fi-spot.pt\/en\/wp-json\/wp\/v2\/types\/product"}],"wp:featuredmedia":[{"embeddable":true,"href":"https:\/\/hi-fi-spot.pt\/en\/wp-json\/wp\/v2\/media\/4378"}],"wp:attachment":[{"href":"https:\/\/hi-fi-spot.pt\/en\/wp-json\/wp\/v2\/media?parent=4377"}],"wp:term":[{"taxonomy":"pwb-brand","embeddable":true,"href":"https:\/\/hi-fi-spot.pt\/en\/wp-json\/wp\/v2\/pwb-brand?post=4377"},{"taxonomy":"product_cat","embeddable":true,"href":"https:\/\/hi-fi-spot.pt\/en\/wp-json\/wp\/v2\/product_cat?post=4377"},{"taxonomy":"product_tag","embeddable":true,"href":"https:\/\/hi-fi-spot.pt\/en\/wp-json\/wp\/v2\/product_tag?post=4377"}],"curies":[{"name":"wp","href":"https:\/\/api.w.org\/{rel}","templated":true}]}}