{"id":4447,"date":"2025-12-12T16:37:07","date_gmt":"2025-12-12T16:37:07","guid":{"rendered":"https:\/\/hi-fi-spot.pt\/?post_type=product&#038;p=4447"},"modified":"2025-12-12T16:37:08","modified_gmt":"2025-12-12T16:37:08","slug":"scansonic-l20","status":"publish","type":"product","link":"https:\/\/hi-fi-spot.pt\/en\/produto\/scansonic-l20\/","title":{"rendered":"SCANSONIC L20"},"content":{"rendered":"<div class=\"woocommerce-product-details__short-description\">\n<p style=\"text-align: left;\"><strong>SCANSONIC L20<\/strong><\/p>\n<p style=\"text-align: left;\">Os 3 drivers de graves de 6,5\u201d permitem que esta caixa ac\u00fastica alcance n\u00edveis de press\u00e3o sonora mais altos em home theaters ou sistemas est\u00e9reo, ocupando um espa\u00e7o reduzido.<\/p>\n<p style=\"text-align: left;\">O design \u00e9 cl\u00e1ssico e elegante, com um belo acabamento em nogueira, e as linhas seguem a tradi\u00e7\u00e3o escandinava.<\/p>\n<p style=\"text-align: left;\">Por ser uma caixa ac\u00fastica de 3 vias, possui um m\u00e9dio dedicado que proporciona mais percep\u00e7\u00e3o e melhor imagem \u00e0 mixagem. A<\/p>\n<p style=\"text-align: left;\">c\u00fapula de seda de 25 mm proporciona agudos leves e arejados, e o gabinete de MDF com defletor frontal adicional de 15 mm ajuda a reduzir vibra\u00e7\u00f5es e resson\u00e2ncias indesejadas.<\/p>\n<p style=\"text-align: left;\">A grade frontal magn\u00e9tica com tecido de qualidade para m\u00f3veis combina com a s\u00e9rie L, conferindo-lhe um visual discreto e elegante.<\/p>\n<p style=\"text-align: left;\">Os terminais s\u00e3o conectores de cinco vias, permitindo o uso com qualquer tipo de conex\u00e3o. Ponteiras de conex\u00e3o tamb\u00e9m est\u00e3o inclu\u00eddas.<\/p>\n<ul>\n<li style=\"text-align: left;\">Tipo de Caixa Ac\u00fastica\/Crossover 2.0 Passiva\/3 Vias<\/li>\n<li style=\"text-align: left;\">Tweeter\/M\u00e9dio\/Woofer 1 x 1\u201d Tweeter \/ 1 x 5,25\u201d M\u00e9dios \/ 3 x 6,5\u201d Woofers<\/li>\n<li style=\"text-align: left;\">Imped\u00e2ncia Nominal 4ohms<\/li>\n<li style=\"text-align: left;\">Sensibilidade 90 dB<\/li>\n<li style=\"text-align: left;\">Pot\u00eancia Nominal\/M\u00e1xima 150W \/ 220W<\/li>\n<li style=\"text-align: left;\">Resp. de Frequ\u00eancia 35-20KHz<\/li>\n<li style=\"text-align: left;\">Tamanho (mm) (L\u00d7P\u00d7A) 290x1110x295<\/li>\n<li style=\"text-align: left;\">Peso (KG) 21,5<\/li>\n<li style=\"text-align: left;\">Acabamento: Preto ou Nogueira<\/li>\n<\/ul>\n<\/div>\n","protected":false},"excerpt":{"rendered":"<p>SCANSONIC L20 Os 3 drivers de graves de 6,5\u201d permitem que esta caixa ac\u00fastica alcance n\u00edveis de press\u00e3o sonora mais altos em home theaters ou sistemas est\u00e9reo, ocupando um espa\u00e7o reduzido. O design \u00e9 cl\u00e1ssico e elegante, com um belo acabamento em nogueira, e as linhas seguem a tradi\u00e7\u00e3o escandinava. Por ser uma caixa ac\u00fastica &hellip;<\/p>\n<p class=\"read-more\"> <a class=\"\" href=\"https:\/\/hi-fi-spot.pt\/en\/produto\/scansonic-l20\/\"> <span class=\"screen-reader-text\">SCANSONIC L20<\/span> Read More &raquo;<\/a><\/p>\n","protected":false},"featured_media":4448,"template":"","meta":{"site-sidebar-layout":"default","site-content-layout":"default","ast-main-header-display":"","ast-hfb-above-header-display":"","ast-hfb-below-header-display":"","ast-hfb-mobile-header-display":"","site-post-title":"","ast-breadcrumbs-content":"","ast-featured-img":"","footer-sml-layout":"","theme-transparent-header-meta":"default","adv-header-id-meta":"","stick-header-meta":"","header-above-stick-meta":"","header-main-stick-meta":"","header-below-stick-meta":""},"pwb-brand":[18],"product_cat":[31,58,65,62,63],"product_tag":[],"class_list":{"0":"post-4447","1":"product","2":"type-product","3":"status-publish","4":"has-post-thumbnail","6":"pwb-brand-scansonic","7":"product_cat-colunas","8":"product_cat-colunas-home-cinema","9":"product_cat-home-cinema","10":"product_cat-outras-home-cinema","11":"product_cat-produtosaudio","12":"align-center","13":"box-shadow-0","14":"box-shadow-0-hover","15":"ast-product-gallery-layout-horizontal","16":"ast-product-tabs-layout-horizontal","18":"first","19":"instock","20":"shipping-taxable","21":"purchasable","22":"product-type-simple"},"brands":[{"id":18,"name":"Scansonic","slug":"scansonic"}],"_links":{"self":[{"href":"https:\/\/hi-fi-spot.pt\/en\/wp-json\/wp\/v2\/product\/4447","targetHints":{"allow":["GET"]}}],"collection":[{"href":"https:\/\/hi-fi-spot.pt\/en\/wp-json\/wp\/v2\/product"}],"about":[{"href":"https:\/\/hi-fi-spot.pt\/en\/wp-json\/wp\/v2\/types\/product"}],"wp:featuredmedia":[{"embeddable":true,"href":"https:\/\/hi-fi-spot.pt\/en\/wp-json\/wp\/v2\/media\/4448"}],"wp:attachment":[{"href":"https:\/\/hi-fi-spot.pt\/en\/wp-json\/wp\/v2\/media?parent=4447"}],"wp:term":[{"taxonomy":"pwb-brand","embeddable":true,"href":"https:\/\/hi-fi-spot.pt\/en\/wp-json\/wp\/v2\/pwb-brand?post=4447"},{"taxonomy":"product_cat","embeddable":true,"href":"https:\/\/hi-fi-spot.pt\/en\/wp-json\/wp\/v2\/product_cat?post=4447"},{"taxonomy":"product_tag","embeddable":true,"href":"https:\/\/hi-fi-spot.pt\/en\/wp-json\/wp\/v2\/product_tag?post=4447"}],"curies":[{"name":"wp","href":"https:\/\/api.w.org\/{rel}","templated":true}]}}