{"id":4452,"date":"2025-12-15T17:33:20","date_gmt":"2025-12-15T17:33:20","guid":{"rendered":"https:\/\/hi-fi-spot.pt\/?post_type=product&#038;p=4452"},"modified":"2025-12-15T17:33:20","modified_gmt":"2025-12-15T17:33:20","slug":"4452","status":"publish","type":"product","link":"https:\/\/hi-fi-spot.pt\/en\/produto\/4452\/","title":{"rendered":""},"content":{"rendered":"<p>Alta e elegante, a coluna M20.2 preenche o ambiente com um som refinado e amplo.<br \/>\nSeu tweeter de fita reproduz os mais finos detalhes musicais, adicionando brilho a qualquer g\u00eanero.<br \/>\nDois woofers m\u00e9dio-graves de 5,25&#8243; lidam com m\u00e9dios n\u00edtidos e graves robustos com integra\u00e7\u00e3o perfeita.<br \/>\nDois radiadores passivos de 5&#215;9&#8243; voltados para tr\u00e1s aprimoram ainda mais os graves, garantindo uma profundidade firme e ressonante.<br \/>\nMateriais avan\u00e7ados do cone trabalham em harmonia com pe\u00e7as de crossover premium para distor\u00e7\u00e3o m\u00ednima e alinhamento de fase ideal.<br \/>\nModerno e atemporal, o M20.2 oferece uma declara\u00e7\u00e3o poderosa tanto em forma quanto em fun\u00e7\u00e3o.<\/p>\n<p>&nbsp;<\/p>\n<p>Dimens\u00f5es, mm (L x A x P): 240 x 935 x 380 Peso, kg: 18,8 \/ P\u00e7<\/p>\n<p>Freq. Resposta: 38 Hz \u2013 30 KHz<\/p>\n<p>Imped\u00e2ncia: 8 ohms (m\u00edn. 4 ohms)<\/p>\n<p>Crossover: 3,2 KHz 2\u00aa<\/p>\n<p>Ordem Princ\u00edpio: Radiador de graves passivo de 2,5 vias<\/p>\n<p>Sensibilidade: 88 dB<\/p>\n<p>Unidades de acionamento: 1 tweeter de fita de neod\u00edmio Kapton 71,5 x 44,5, 2 woofers de cone Honeycomb de 5,25&#8243;, 2 drivers de graves passivos de cone de papel de 6&#8243; x 9&#8243;.<\/p>\n<p>Acabamento: Pintura em branco acetinado ou preto acetinado<\/p>\n<p>Amplifica\u00e7\u00e3o: Recomendamos amplificadores de 50 a 180 W de alta qualidade<\/p>\n","protected":false},"excerpt":{"rendered":"<p>Alta e elegante, a coluna M20.2 preenche o ambiente com um som refinado e amplo. Seu tweeter de fita reproduz os mais finos detalhes musicais, adicionando brilho a qualquer g\u00eanero. Dois woofers m\u00e9dio-graves de 5,25&#8243; lidam com m\u00e9dios n\u00edtidos e graves robustos com integra\u00e7\u00e3o perfeita. Dois radiadores passivos de 5&#215;9&#8243; voltados para tr\u00e1s aprimoram ainda &hellip;<\/p>\n<p class=\"read-more\"> <a class=\"\" href=\"https:\/\/hi-fi-spot.pt\/en\/produto\/4452\/\">  Read More &raquo;<\/a><\/p>\n","protected":false},"featured_media":4464,"template":"","meta":{"site-sidebar-layout":"default","site-content-layout":"default","ast-main-header-display":"","ast-hfb-above-header-display":"","ast-hfb-below-header-display":"","ast-hfb-mobile-header-display":"","site-post-title":"","ast-breadcrumbs-content":"","ast-featured-img":"","footer-sml-layout":"","theme-transparent-header-meta":"default","adv-header-id-meta":"","stick-header-meta":"","header-above-stick-meta":"","header-main-stick-meta":"","header-below-stick-meta":""},"pwb-brand":[18],"product_cat":[31,63],"product_tag":[],"class_list":{"0":"post-4452","1":"product","2":"type-product","3":"status-publish","4":"has-post-thumbnail","6":"pwb-brand-scansonic","7":"product_cat-colunas","8":"product_cat-produtosaudio","9":"align-center","10":"box-shadow-0","11":"box-shadow-0-hover","12":"ast-product-gallery-layout-horizontal","13":"ast-product-tabs-layout-horizontal","15":"first","16":"instock","17":"shipping-taxable","18":"product-type-simple"},"brands":[{"id":18,"name":"Scansonic","slug":"scansonic"}],"_links":{"self":[{"href":"https:\/\/hi-fi-spot.pt\/en\/wp-json\/wp\/v2\/product\/4452","targetHints":{"allow":["GET"]}}],"collection":[{"href":"https:\/\/hi-fi-spot.pt\/en\/wp-json\/wp\/v2\/product"}],"about":[{"href":"https:\/\/hi-fi-spot.pt\/en\/wp-json\/wp\/v2\/types\/product"}],"wp:featuredmedia":[{"embeddable":true,"href":"https:\/\/hi-fi-spot.pt\/en\/wp-json\/wp\/v2\/media\/4464"}],"wp:attachment":[{"href":"https:\/\/hi-fi-spot.pt\/en\/wp-json\/wp\/v2\/media?parent=4452"}],"wp:term":[{"taxonomy":"pwb-brand","embeddable":true,"href":"https:\/\/hi-fi-spot.pt\/en\/wp-json\/wp\/v2\/pwb-brand?post=4452"},{"taxonomy":"product_cat","embeddable":true,"href":"https:\/\/hi-fi-spot.pt\/en\/wp-json\/wp\/v2\/product_cat?post=4452"},{"taxonomy":"product_tag","embeddable":true,"href":"https:\/\/hi-fi-spot.pt\/en\/wp-json\/wp\/v2\/product_tag?post=4452"}],"curies":[{"name":"wp","href":"https:\/\/api.w.org\/{rel}","templated":true}]}}