{"id":521,"date":"2021-11-30T01:41:15","date_gmt":"2021-11-30T01:41:15","guid":{"rendered":"https:\/\/hi-fi-spot.pt\/produto\/tecnichs-sl-1210mk2-custom\/"},"modified":"2022-12-14T11:45:49","modified_gmt":"2022-12-14T11:45:49","slug":"tecnichs-sl-1210mk2-custom","status":"publish","type":"product","link":"https:\/\/hi-fi-spot.pt\/en\/produto\/tecnichs-sl-1210mk2-custom\/","title":{"rendered":""},"content":{"rendered":"<p>O MB5 B \u00e9 um modelo muito elegante, com quatro altifalantes de 5,25&#8243; carbono-coned e um tweeter de fita selada. O MB5 funciona como um altifalante de 2,5 vias, onde dois altifalantes de 5,25&#8243; carbono-coned m\u00e9dios s\u00e3o suportados por dois altifalantes adicionais carbono-coned para um desempenho de base adicional. Os dois woofers de m\u00e9dio alcance de carbono s\u00e3o executados em s\u00e9rie para uma maior e din\u00e2mica manipula\u00e7\u00e3o de pot\u00eancia.<\/p>\n<p>A cabinet MB5 \u00e9 pesada, arquitect\u00f3nicamente curvada e com refor\u00e7os s\u00f3lidos de carbono.<\/p>\n<p>O altifalante \u00e9 cruzado a 2600 Hz e os dois woofers laterais acrescentados ajudam at\u00e9 250 Hz. O MB5 B leva a base at\u00e9 \u00e0s notas mais profundas e f\u00e1-lo com uma condu\u00e7\u00e3o sem esfor\u00e7o que o deixar\u00e1 espantado.<\/p>\n<h5>Especifica\u00e7\u00f5es :<\/h5>\n<ul>\n<li>Size, mm. (BxHxD): 178 x 1185 x 319<\/li>\n<li>Weight, kg.: 25 per unit<\/li>\n<li>Freq. response: 29 Hz \u2013 40 KHz<\/li>\n<li>Impedance: &gt; 4 ohm<\/li>\n<li>Sensitivity: 90 db<\/li>\n<li>Crossover: 250 Hz + 2600 Hz \/ Minimum phase<\/li>\n<li>Enclosure: Curved, heavily braced, ventilated box design with adjustable aluminum feet<\/li>\n<li>Drive units: 1 x Ribbon tweeter \u00b7 1 x 5,25\u201d Midrange \u00b7 3 x 5,25\u2033 Woofer<\/li>\n<li>Walnut Matt, black, black &amp; white<\/li>\n<li>Amplification: We recommend high quality amplifiers &gt;50W<\/li>\n<\/ul>\n<h5>Pre\u00e7os :<\/h5>\n<ul>\n<li><strong>black, black &amp; white : 7.000 \u20ac<\/strong><\/li>\n<li><strong>Walnut Matt : 8.900 \u20ac<\/strong><\/li>\n<\/ul>\n","protected":false},"excerpt":{"rendered":"<p>O MB5 B \u00e9 um modelo muito elegante, com quatro altifalantes de 5,25&#8243; carbono-coned e um tweeter de fita selada. O MB5 funciona como um altifalante de 2,5 vias, onde dois altifalantes de 5,25&#8243; carbono-coned m\u00e9dios s\u00e3o suportados por dois altifalantes adicionais carbono-coned para um desempenho de base adicional. Os dois woofers de m\u00e9dio alcance &hellip;<\/p>\n<p class=\"read-more\"> <a class=\"\" href=\"https:\/\/hi-fi-spot.pt\/en\/produto\/tecnichs-sl-1210mk2-custom\/\">  Read More &raquo;<\/a><\/p>\n","protected":false},"featured_media":2091,"template":"","meta":{"site-sidebar-layout":"default","site-content-layout":"default","ast-main-header-display":"","ast-hfb-above-header-display":"","ast-hfb-below-header-display":"","ast-hfb-mobile-header-display":"","site-post-title":"","ast-breadcrumbs-content":"","ast-featured-img":"","footer-sml-layout":"","theme-transparent-header-meta":"default","adv-header-id-meta":"","stick-header-meta":"","header-above-stick-meta":"","header-main-stick-meta":"","header-below-stick-meta":""},"pwb-brand":[18],"product_cat":[80,31,63,89],"product_tag":[],"class_list":{"0":"post-521","1":"product","2":"type-product","3":"status-publish","4":"has-post-thumbnail","6":"pwb-brand-scansonic","7":"product_cat-audio-products","8":"product_cat-colunas","9":"product_cat-produtosaudio","10":"product_cat-speakers","11":"align-center","12":"box-shadow-0","13":"box-shadow-0-hover","14":"ast-product-gallery-layout-horizontal","15":"ast-product-tabs-layout-horizontal","17":"first","18":"instock","19":"shipping-taxable","20":"product-type-external"},"brands":[{"id":18,"name":"Scansonic","slug":"scansonic"}],"_links":{"self":[{"href":"https:\/\/hi-fi-spot.pt\/en\/wp-json\/wp\/v2\/product\/521","targetHints":{"allow":["GET"]}}],"collection":[{"href":"https:\/\/hi-fi-spot.pt\/en\/wp-json\/wp\/v2\/product"}],"about":[{"href":"https:\/\/hi-fi-spot.pt\/en\/wp-json\/wp\/v2\/types\/product"}],"wp:featuredmedia":[{"embeddable":true,"href":"https:\/\/hi-fi-spot.pt\/en\/wp-json\/wp\/v2\/media\/2091"}],"wp:attachment":[{"href":"https:\/\/hi-fi-spot.pt\/en\/wp-json\/wp\/v2\/media?parent=521"}],"wp:term":[{"taxonomy":"pwb-brand","embeddable":true,"href":"https:\/\/hi-fi-spot.pt\/en\/wp-json\/wp\/v2\/pwb-brand?post=521"},{"taxonomy":"product_cat","embeddable":true,"href":"https:\/\/hi-fi-spot.pt\/en\/wp-json\/wp\/v2\/product_cat?post=521"},{"taxonomy":"product_tag","embeddable":true,"href":"https:\/\/hi-fi-spot.pt\/en\/wp-json\/wp\/v2\/product_tag?post=521"}],"curies":[{"name":"wp","href":"https:\/\/api.w.org\/{rel}","templated":true}]}}